{"id":1011,"date":"2025-12-26T04:37:18","date_gmt":"2025-12-26T04:37:18","guid":{"rendered":"https:\/\/ixtaimpresiones.com\/?post_type=product&#038;p=1011"},"modified":"2025-12-29T14:51:12","modified_gmt":"2025-12-29T14:51:12","slug":"1011","status":"publish","type":"product","link":"https:\/\/ixtaimpresiones.com\/?product=1011","title":{"rendered":"Vasos de chup\u00f3n personalizados de 350 ml"},"content":{"rendered":"<p data-start=\"49\" data-end=\"285\">Sorprende a tus invitados con <strong data-start=\"79\" data-end=\"123\">vasos de chup\u00f3n personalizados de 350 ml<\/strong>, ideales para todo tipo de eventos. Perfectos para bodas, XV a\u00f1os, bautizos, cumplea\u00f1os y celebraciones especiales. Un recuerdo pr\u00e1ctico, bonito y que s\u00ed se usa.<\/p>\n<p data-start=\"287\" data-end=\"419\">Personalizamos el dise\u00f1o seg\u00fan la tem\u00e1tica de tu evento. Contamos con variedad de colores de tapas para combinar con tu celebraci\u00f3n.<\/p>\n<p data-start=\"421\" data-end=\"445\"><strong data-start=\"421\" data-end=\"435\">Capacidad:<\/strong> 350 ml.<\/p>\n<p data-start=\"447\" data-end=\"512\"><strong data-start=\"447\" data-end=\"467\">Personalizaci\u00f3n:<\/strong> Dise\u00f1o para eventos (sujeto a aprobaci\u00f3n).<\/p>\n<p data-start=\"514\" data-end=\"570\"><strong data-start=\"514\" data-end=\"526\">Colores:<\/strong> Variedad de colores de tapas disponibles.<\/p>\n<p data-start=\"572\" data-end=\"645\"><strong data-start=\"572\" data-end=\"586\">Ocasiones:<\/strong> Bodas, XV a\u00f1os, bautizos, cumplea\u00f1os y eventos en general.<\/p>\n<p data-start=\"647\" data-end=\"725\"><strong data-start=\"647\" data-end=\"657\">Costo:<\/strong><br data-start=\"657\" data-end=\"660\" \/>Menudeo: $20 MXN c\/u<br data-start=\"680\" data-end=\"683\" \/>Mayoreo: $15 MXN c\/u a partir de 50 piezas<\/p>\n<p data-start=\"727\" data-end=\"813\"><strong data-start=\"727\" data-end=\"742\">Importante:<\/strong> Dise\u00f1o sujeto a aprobaci\u00f3n. Favor de consultar t\u00e9rminos y condiciones.<\/p>\n<p><a href=\"#\" target=\"_blank\" rel=\"noopener\"><button class=\"boton1\">Comprar por WhatsApp<\/button><\/a><\/p>\n","protected":false},"excerpt":{"rendered":"<p data-start=\"49\" data-end=\"285\">Sorprende a tus invitados con <strong data-start=\"79\" data-end=\"123\">vasos de chup\u00f3n personalizados de 350 ml<\/strong>, ideales para todo tipo de eventos. Perfectos para bodas, XV a\u00f1os, bautizos, cumplea\u00f1os y celebraciones especiales. Un recuerdo pr\u00e1ctico, bonito y que s\u00ed se usa.<\/p>\n<p data-start=\"287\" data-end=\"419\">Personalizamos el dise\u00f1o seg\u00fan la tem\u00e1tica de tu evento. Contamos con variedad de colores de tapas para combinar con tu celebraci\u00f3n.<\/p>\n<p data-start=\"421\" data-end=\"445\"><strong data-start=\"421\" data-end=\"435\">Capacidad:<\/strong> 350 ml.<\/p>\n<p data-start=\"447\" data-end=\"512\"><strong data-start=\"447\" data-end=\"467\">Personalizaci\u00f3n:<\/strong> Dise\u00f1o para eventos (sujeto a aprobaci\u00f3n).<\/p>\n<p data-start=\"514\" data-end=\"570\"><strong data-start=\"514\" data-end=\"526\">Colores:<\/strong> Variedad de colores de tapas disponibles.<\/p>\n<p data-start=\"572\" data-end=\"645\"><strong data-start=\"572\" data-end=\"586\">Ocasiones:<\/strong> Bodas, XV a\u00f1os, bautizos, cumplea\u00f1os y eventos en general.<\/p>\n<p data-start=\"647\" data-end=\"725\"><strong data-start=\"647\" data-end=\"657\">Costo:<\/strong><br data-start=\"657\" data-end=\"660\" \/>Menudeo: $20 MXN c\/u<br data-start=\"680\" data-end=\"683\" \/>Mayoreo: $15 MXN c\/u a partir de 50 piezas<\/p>\n<p data-start=\"727\" data-end=\"813\"><strong data-start=\"727\" data-end=\"742\">Importante:<\/strong> Dise\u00f1o sujeto a aprobaci\u00f3n. Favor de consultar t\u00e9rminos y condiciones.<\/p>\n<p><a style=\"background: #25D366; color: #fff; padding: 12px 20px; border-radius: 6px; text-decoration: none;\" href=\"https:\/\/wa.me\/524493620594?text=Hola%2C%20me%20interesa%20comprar%20un%20art%C3%ADculo.\">Comprar por WhatsApp<br \/>\n<\/a><\/p>\n","protected":false},"featured_media":1012,"comment_status":"open","ping_status":"closed","template":"","meta":[],"product_brand":[],"product_cat":[29],"product_tag":[39],"class_list":{"0":"post-1011","1":"product","2":"type-product","3":"status-publish","4":"has-post-thumbnail","6":"product_cat-plasticos","7":"product_tag-para-tus-eventos","9":"first","10":"instock","11":"shipping-taxable","12":"purchasable","13":"product-type-simple"},"yoast_head":"<!-- This site is optimized with the Yoast SEO plugin v25.4 - https:\/\/yoast.com\/wordpress\/plugins\/seo\/ -->\n<title>Vasos de chup\u00f3n personalizados de 350 ml - Ixta Impresiones<\/title>\n<meta name=\"robots\" content=\"index, follow, max-snippet:-1, max-image-preview:large, max-video-preview:-1\" \/>\n<link rel=\"canonical\" href=\"https:\/\/ixtaimpresiones.com\/?product=1011\" \/>\n<meta property=\"og:locale\" content=\"es_ES\" \/>\n<meta property=\"og:type\" content=\"article\" \/>\n<meta property=\"og:title\" content=\"Vasos de chup\u00f3n personalizados de 350 ml - Ixta Impresiones\" \/>\n<meta property=\"og:description\" content=\"Sorprende a tus invitados con vasos de chup\u00f3n personalizados de 350 ml, ideales para todo tipo de eventos. Perfectos para bodas, XV a\u00f1os, bautizos, cumplea\u00f1os y celebraciones especiales. Un recuerdo pr\u00e1ctico, bonito y que s\u00ed se usa. Personalizamos el dise\u00f1o seg\u00fan la tem\u00e1tica de tu evento. Contamos con variedad de colores de tapas para combinar con tu celebraci\u00f3n. Capacidad: 350 ml. Personalizaci\u00f3n: Dise\u00f1o para eventos (sujeto a aprobaci\u00f3n). Colores: Variedad de colores de tapas disponibles. Ocasiones: Bodas, XV a\u00f1os, bautizos, cumplea\u00f1os y eventos en general. Costo:Menudeo: $20 MXN c\/uMayoreo: $15 MXN c\/u a partir de 50 piezas Importante: Dise\u00f1o sujeto a aprobaci\u00f3n. Favor de consultar t\u00e9rminos y condiciones. Comprar por WhatsApp\" \/>\n<meta property=\"og:url\" content=\"https:\/\/ixtaimpresiones.com\/?product=1011\" \/>\n<meta property=\"og:site_name\" content=\"Ixta Impresiones\" \/>\n<meta property=\"article:modified_time\" content=\"2025-12-29T14:51:12+00:00\" \/>\n<meta property=\"og:image\" content=\"https:\/\/ixtaimpresiones.com\/wp-content\/uploads\/2025\/12\/Sin-titulo-1-3.png\" \/>\n\t<meta property=\"og:image:width\" content=\"600\" \/>\n\t<meta property=\"og:image:height\" content=\"600\" \/>\n\t<meta property=\"og:image:type\" content=\"image\/png\" \/>\n<meta name=\"twitter:card\" content=\"summary_large_image\" \/>\n<meta name=\"twitter:label1\" content=\"Tiempo de lectura\" \/>\n\t<meta name=\"twitter:data1\" content=\"1 minuto\" \/>\n<script type=\"application\/ld+json\" class=\"yoast-schema-graph\">{\"@context\":\"https:\/\/schema.org\",\"@graph\":[{\"@type\":\"WebPage\",\"@id\":\"https:\/\/ixtaimpresiones.com\/?product=1011\",\"url\":\"https:\/\/ixtaimpresiones.com\/?product=1011\",\"name\":\"Vasos de chup\u00f3n personalizados de 350 ml - Ixta Impresiones\",\"isPartOf\":{\"@id\":\"https:\/\/ixtaimpresiones.com\/#website\"},\"primaryImageOfPage\":{\"@id\":\"https:\/\/ixtaimpresiones.com\/?product=1011#primaryimage\"},\"image\":{\"@id\":\"https:\/\/ixtaimpresiones.com\/?product=1011#primaryimage\"},\"thumbnailUrl\":\"https:\/\/ixtaimpresiones.com\/wp-content\/uploads\/2025\/12\/Sin-titulo-1-3.png\",\"datePublished\":\"2025-12-26T04:37:18+00:00\",\"dateModified\":\"2025-12-29T14:51:12+00:00\",\"breadcrumb\":{\"@id\":\"https:\/\/ixtaimpresiones.com\/?product=1011#breadcrumb\"},\"inLanguage\":\"es\",\"potentialAction\":[{\"@type\":\"ReadAction\",\"target\":[\"https:\/\/ixtaimpresiones.com\/?product=1011\"]}]},{\"@type\":\"ImageObject\",\"inLanguage\":\"es\",\"@id\":\"https:\/\/ixtaimpresiones.com\/?product=1011#primaryimage\",\"url\":\"https:\/\/ixtaimpresiones.com\/wp-content\/uploads\/2025\/12\/Sin-titulo-1-3.png\",\"contentUrl\":\"https:\/\/ixtaimpresiones.com\/wp-content\/uploads\/2025\/12\/Sin-titulo-1-3.png\",\"width\":600,\"height\":600},{\"@type\":\"BreadcrumbList\",\"@id\":\"https:\/\/ixtaimpresiones.com\/?product=1011#breadcrumb\",\"itemListElement\":[{\"@type\":\"ListItem\",\"position\":1,\"name\":\"Portada\",\"item\":\"https:\/\/ixtaimpresiones.com\/\"},{\"@type\":\"ListItem\",\"position\":2,\"name\":\"Productos\",\"item\":\"https:\/\/ixtaimpresiones.com\/?page_id=572\"},{\"@type\":\"ListItem\",\"position\":3,\"name\":\"Vasos de chup\u00f3n personalizados de 350 ml\"}]},{\"@type\":\"WebSite\",\"@id\":\"https:\/\/ixtaimpresiones.com\/#website\",\"url\":\"https:\/\/ixtaimpresiones.com\/\",\"name\":\"Ixta Impresiones\",\"description\":\"\",\"publisher\":{\"@id\":\"https:\/\/ixtaimpresiones.com\/#organization\"},\"potentialAction\":[{\"@type\":\"SearchAction\",\"target\":{\"@type\":\"EntryPoint\",\"urlTemplate\":\"https:\/\/ixtaimpresiones.com\/?s={search_term_string}\"},\"query-input\":{\"@type\":\"PropertyValueSpecification\",\"valueRequired\":true,\"valueName\":\"search_term_string\"}}],\"inLanguage\":\"es\"},{\"@type\":\"Organization\",\"@id\":\"https:\/\/ixtaimpresiones.com\/#organization\",\"name\":\"Ixta Impresiones\",\"url\":\"https:\/\/ixtaimpresiones.com\/\",\"logo\":{\"@type\":\"ImageObject\",\"inLanguage\":\"es\",\"@id\":\"https:\/\/ixtaimpresiones.com\/#\/schema\/logo\/image\/\",\"url\":\"https:\/\/ixtaimpresiones.com\/wp-content\/uploads\/2025\/08\/LOGO-copyright.png\",\"contentUrl\":\"https:\/\/ixtaimpresiones.com\/wp-content\/uploads\/2025\/08\/LOGO-copyright.png\",\"width\":900,\"height\":900,\"caption\":\"Ixta Impresiones\"},\"image\":{\"@id\":\"https:\/\/ixtaimpresiones.com\/#\/schema\/logo\/image\/\"}}]}<\/script>\n<!-- \/ Yoast SEO plugin. -->","yoast_head_json":{"title":"Vasos de chup\u00f3n personalizados de 350 ml - Ixta Impresiones","robots":{"index":"index","follow":"follow","max-snippet":"max-snippet:-1","max-image-preview":"max-image-preview:large","max-video-preview":"max-video-preview:-1"},"canonical":"https:\/\/ixtaimpresiones.com\/?product=1011","og_locale":"es_ES","og_type":"article","og_title":"Vasos de chup\u00f3n personalizados de 350 ml - Ixta Impresiones","og_description":"Sorprende a tus invitados con vasos de chup\u00f3n personalizados de 350 ml, ideales para todo tipo de eventos. Perfectos para bodas, XV a\u00f1os, bautizos, cumplea\u00f1os y celebraciones especiales. Un recuerdo pr\u00e1ctico, bonito y que s\u00ed se usa. Personalizamos el dise\u00f1o seg\u00fan la tem\u00e1tica de tu evento. Contamos con variedad de colores de tapas para combinar con tu celebraci\u00f3n. Capacidad: 350 ml. Personalizaci\u00f3n: Dise\u00f1o para eventos (sujeto a aprobaci\u00f3n). Colores: Variedad de colores de tapas disponibles. Ocasiones: Bodas, XV a\u00f1os, bautizos, cumplea\u00f1os y eventos en general. Costo:Menudeo: $20 MXN c\/uMayoreo: $15 MXN c\/u a partir de 50 piezas Importante: Dise\u00f1o sujeto a aprobaci\u00f3n. Favor de consultar t\u00e9rminos y condiciones. Comprar por WhatsApp","og_url":"https:\/\/ixtaimpresiones.com\/?product=1011","og_site_name":"Ixta Impresiones","article_modified_time":"2025-12-29T14:51:12+00:00","og_image":[{"width":600,"height":600,"url":"https:\/\/ixtaimpresiones.com\/wp-content\/uploads\/2025\/12\/Sin-titulo-1-3.png","type":"image\/png"}],"twitter_card":"summary_large_image","twitter_misc":{"Tiempo de lectura":"1 minuto"},"schema":{"@context":"https:\/\/schema.org","@graph":[{"@type":"WebPage","@id":"https:\/\/ixtaimpresiones.com\/?product=1011","url":"https:\/\/ixtaimpresiones.com\/?product=1011","name":"Vasos de chup\u00f3n personalizados de 350 ml - Ixta Impresiones","isPartOf":{"@id":"https:\/\/ixtaimpresiones.com\/#website"},"primaryImageOfPage":{"@id":"https:\/\/ixtaimpresiones.com\/?product=1011#primaryimage"},"image":{"@id":"https:\/\/ixtaimpresiones.com\/?product=1011#primaryimage"},"thumbnailUrl":"https:\/\/ixtaimpresiones.com\/wp-content\/uploads\/2025\/12\/Sin-titulo-1-3.png","datePublished":"2025-12-26T04:37:18+00:00","dateModified":"2025-12-29T14:51:12+00:00","breadcrumb":{"@id":"https:\/\/ixtaimpresiones.com\/?product=1011#breadcrumb"},"inLanguage":"es","potentialAction":[{"@type":"ReadAction","target":["https:\/\/ixtaimpresiones.com\/?product=1011"]}]},{"@type":"ImageObject","inLanguage":"es","@id":"https:\/\/ixtaimpresiones.com\/?product=1011#primaryimage","url":"https:\/\/ixtaimpresiones.com\/wp-content\/uploads\/2025\/12\/Sin-titulo-1-3.png","contentUrl":"https:\/\/ixtaimpresiones.com\/wp-content\/uploads\/2025\/12\/Sin-titulo-1-3.png","width":600,"height":600},{"@type":"BreadcrumbList","@id":"https:\/\/ixtaimpresiones.com\/?product=1011#breadcrumb","itemListElement":[{"@type":"ListItem","position":1,"name":"Portada","item":"https:\/\/ixtaimpresiones.com\/"},{"@type":"ListItem","position":2,"name":"Productos","item":"https:\/\/ixtaimpresiones.com\/?page_id=572"},{"@type":"ListItem","position":3,"name":"Vasos de chup\u00f3n personalizados de 350 ml"}]},{"@type":"WebSite","@id":"https:\/\/ixtaimpresiones.com\/#website","url":"https:\/\/ixtaimpresiones.com\/","name":"Ixta Impresiones","description":"","publisher":{"@id":"https:\/\/ixtaimpresiones.com\/#organization"},"potentialAction":[{"@type":"SearchAction","target":{"@type":"EntryPoint","urlTemplate":"https:\/\/ixtaimpresiones.com\/?s={search_term_string}"},"query-input":{"@type":"PropertyValueSpecification","valueRequired":true,"valueName":"search_term_string"}}],"inLanguage":"es"},{"@type":"Organization","@id":"https:\/\/ixtaimpresiones.com\/#organization","name":"Ixta Impresiones","url":"https:\/\/ixtaimpresiones.com\/","logo":{"@type":"ImageObject","inLanguage":"es","@id":"https:\/\/ixtaimpresiones.com\/#\/schema\/logo\/image\/","url":"https:\/\/ixtaimpresiones.com\/wp-content\/uploads\/2025\/08\/LOGO-copyright.png","contentUrl":"https:\/\/ixtaimpresiones.com\/wp-content\/uploads\/2025\/08\/LOGO-copyright.png","width":900,"height":900,"caption":"Ixta Impresiones"},"image":{"@id":"https:\/\/ixtaimpresiones.com\/#\/schema\/logo\/image\/"}}]}},"_links":{"self":[{"href":"https:\/\/ixtaimpresiones.com\/index.php?rest_route=\/wp\/v2\/product\/1011","targetHints":{"allow":["GET"]}}],"collection":[{"href":"https:\/\/ixtaimpresiones.com\/index.php?rest_route=\/wp\/v2\/product"}],"about":[{"href":"https:\/\/ixtaimpresiones.com\/index.php?rest_route=\/wp\/v2\/types\/product"}],"replies":[{"embeddable":true,"href":"https:\/\/ixtaimpresiones.com\/index.php?rest_route=%2Fwp%2Fv2%2Fcomments&post=1011"}],"wp:featuredmedia":[{"embeddable":true,"href":"https:\/\/ixtaimpresiones.com\/index.php?rest_route=\/wp\/v2\/media\/1012"}],"wp:attachment":[{"href":"https:\/\/ixtaimpresiones.com\/index.php?rest_route=%2Fwp%2Fv2%2Fmedia&parent=1011"}],"wp:term":[{"taxonomy":"product_brand","embeddable":true,"href":"https:\/\/ixtaimpresiones.com\/index.php?rest_route=%2Fwp%2Fv2%2Fproduct_brand&post=1011"},{"taxonomy":"product_cat","embeddable":true,"href":"https:\/\/ixtaimpresiones.com\/index.php?rest_route=%2Fwp%2Fv2%2Fproduct_cat&post=1011"},{"taxonomy":"product_tag","embeddable":true,"href":"https:\/\/ixtaimpresiones.com\/index.php?rest_route=%2Fwp%2Fv2%2Fproduct_tag&post=1011"}],"curies":[{"name":"wp","href":"https:\/\/api.w.org\/{rel}","templated":true}]}}