{"id":1081,"date":"2025-12-30T03:40:00","date_gmt":"2025-12-30T03:40:00","guid":{"rendered":"https:\/\/ixtaimpresiones.com\/?post_type=product&#038;p=1081"},"modified":"2025-12-30T03:42:45","modified_gmt":"2025-12-30T03:42:45","slug":"1081","status":"publish","type":"product","link":"https:\/\/ixtaimpresiones.com\/?product=1081","title":{"rendered":"Bolsa para botella de vino &#8211; personalizada con frase"},"content":{"rendered":"<p data-start=\"68\" data-end=\"325\">Sorprende con <strong data-start=\"82\" data-end=\"122\">bolsas de manta cruda personalizadas<\/strong>, ideales para presentar botellas de vino, sidra o la bebida de tu elecci\u00f3n. Un detalle elegante, \u00fatil y con mensaje personalizado, perfecto para pedir padrinos, damas de honor o para eventos especiales.<\/p>\n<p data-start=\"327\" data-end=\"551\">Nuestras bolsas est\u00e1n elaboradas en manta cruda color beige o crema y se personalizan con la frase que t\u00fa quieras. La impresi\u00f3n es directa sobre la tela mediante sublimaci\u00f3n, sin l\u00edmite de colores y con excelente definici\u00f3n.<\/p>\n<p data-start=\"553\" data-end=\"581\"><strong data-start=\"553\" data-end=\"566\">Material:<\/strong> Manta cruda.<\/p>\n<p data-start=\"583\" data-end=\"610\"><strong data-start=\"583\" data-end=\"593\">Color:<\/strong> Beige o crema.<\/p>\n<p data-start=\"612\" data-end=\"639\"><strong data-start=\"612\" data-end=\"623\">Medida:<\/strong> 5.5 x 11.8 x 2.8 pulgadas.<\/p>\n<p data-start=\"641\" data-end=\"693\"><strong data-start=\"641\" data-end=\"655\">Capacidad:<\/strong> Para botella de vino tama\u00f1o est\u00e1ndar. Tambi\u00e9n sirve para guardar objetos peque\u00f1os.<\/p>\n<p data-start=\"695\" data-end=\"798\"><strong data-start=\"695\" data-end=\"709\">Impresi\u00f3n:<\/strong><br data-start=\"709\" data-end=\"712\" \/>Sublimaci\u00f3n directa sobre tela.<br data-start=\"743\" data-end=\"746\" \/>Full color, sin l\u00edmite de colores (no es estampa).<\/p>\n<p data-start=\"800\" data-end=\"862\"><strong data-start=\"800\" data-end=\"820\">Personalizaci\u00f3n:<\/strong><br data-start=\"820\" data-end=\"823\" \/>Frase o mensaje a elecci\u00f3n del cliente.<\/p>\n<p data-start=\"864\" data-end=\"969\"><strong data-start=\"864\" data-end=\"881\">Aplicaciones:<\/strong><br data-start=\"881\" data-end=\"884\" \/>Pedimento de padrinos, bautizos, XV a\u00f1os, bodas, damas de honor y eventos especiales.<\/p>\n<p data-start=\"971\" data-end=\"1025\"><strong data-start=\"971\" data-end=\"982\">Cierre:<\/strong> Cord\u00f3n autoajustable en la parte superior.<\/p>\n<p data-start=\"971\" data-end=\"1025\">NO incluye botella de vino.<\/p>\n","protected":false},"excerpt":{"rendered":"<p data-start=\"68\" data-end=\"325\">Sorprende con <strong data-start=\"82\" data-end=\"122\">bolsas de manta cruda personalizadas<\/strong>, ideales para presentar botellas de vino, sidra o la bebida de tu elecci\u00f3n. Un detalle elegante, \u00fatil y con mensaje personalizado, perfecto para pedir padrinos, damas de honor o para eventos especiales.<\/p>\n<p data-start=\"327\" data-end=\"551\">Nuestras bolsas est\u00e1n elaboradas en manta cruda color beige o crema y se personalizan con la frase que t\u00fa quieras. La impresi\u00f3n es directa sobre la tela mediante sublimaci\u00f3n, sin l\u00edmite de colores y con excelente definici\u00f3n.<\/p>\n<p data-start=\"553\" data-end=\"581\"><strong data-start=\"553\" data-end=\"566\">Material:<\/strong> Manta cruda.<\/p>\n<p data-start=\"583\" data-end=\"610\"><strong data-start=\"583\" data-end=\"593\">Color:<\/strong> Beige o crema.<\/p>\n<p data-start=\"612\" data-end=\"639\"><strong data-start=\"612\" data-end=\"623\">Medida:<\/strong> 5.5 x 11.8 x 2.8 pulgadas.<\/p>\n<p data-start=\"641\" data-end=\"693\"><strong data-start=\"641\" data-end=\"655\">Capacidad:<\/strong> Para botella de vino tama\u00f1o est\u00e1ndar. Tambi\u00e9n sirve para guardar objetos peque\u00f1os.<\/p>\n<p data-start=\"695\" data-end=\"798\"><strong data-start=\"695\" data-end=\"709\">Impresi\u00f3n:<\/strong><br data-start=\"709\" data-end=\"712\" \/>Sublimaci\u00f3n directa sobre tela.<br data-start=\"743\" data-end=\"746\" \/>Full color, sin l\u00edmite de colores (no es estampa).<\/p>\n<p data-start=\"800\" data-end=\"862\"><strong data-start=\"800\" data-end=\"820\">Personalizaci\u00f3n:<\/strong><br data-start=\"820\" data-end=\"823\" \/>Frase o mensaje a elecci\u00f3n del cliente.<\/p>\n<p data-start=\"864\" data-end=\"969\"><strong data-start=\"864\" data-end=\"881\">Aplicaciones:<\/strong><br data-start=\"881\" data-end=\"884\" \/>Pedimento de padrinos, bautizos, XV a\u00f1os, bodas, damas de honor y eventos especiales.<\/p>\n<p data-start=\"971\" data-end=\"1025\"><strong data-start=\"971\" data-end=\"982\">Cierre:<\/strong> Cord\u00f3n autoajustable en la parte superior.<\/p>\n<p data-start=\"971\" data-end=\"1025\"><span style=\"color: #ff0000;\"><em>NO incluye botella de vino.<\/em><\/span><\/p>\n<p><a style=\"background: #25D366; color: #fff; padding: 12px 20px; border-radius: 6px; text-decoration: none;\" href=\"https:\/\/wa.me\/524493620594?text=Hola%2C%20me%20interesa%20comprar%20un%20art%C3%ADculo.\">Comprar por WhatsApp<br \/>\n<\/a><\/p>\n","protected":false},"featured_media":1082,"comment_status":"open","ping_status":"closed","template":"","meta":[],"product_brand":[],"product_cat":[25],"product_tag":[42],"class_list":{"0":"post-1081","1":"product","2":"type-product","3":"status-publish","4":"has-post-thumbnail","6":"product_cat-textil","7":"product_tag-para-padrinos","9":"first","10":"instock","11":"shipping-taxable","12":"purchasable","13":"product-type-simple"},"yoast_head":"<!-- This site is optimized with the Yoast SEO plugin v25.4 - https:\/\/yoast.com\/wordpress\/plugins\/seo\/ -->\n<title>Bolsa para botella de vino - personalizada con frase - Ixta Impresiones<\/title>\n<meta name=\"robots\" content=\"index, follow, max-snippet:-1, max-image-preview:large, max-video-preview:-1\" \/>\n<link rel=\"canonical\" href=\"https:\/\/ixtaimpresiones.com\/?product=1081\" \/>\n<meta property=\"og:locale\" content=\"es_ES\" \/>\n<meta property=\"og:type\" content=\"article\" \/>\n<meta property=\"og:title\" content=\"Bolsa para botella de vino - personalizada con frase - Ixta Impresiones\" \/>\n<meta property=\"og:description\" content=\"Sorprende con bolsas de manta cruda personalizadas, ideales para presentar botellas de vino, sidra o la bebida de tu elecci\u00f3n. Un detalle elegante, \u00fatil y con mensaje personalizado, perfecto para pedir padrinos, damas de honor o para eventos especiales. Nuestras bolsas est\u00e1n elaboradas en manta cruda color beige o crema y se personalizan con la frase que t\u00fa quieras. La impresi\u00f3n es directa sobre la tela mediante sublimaci\u00f3n, sin l\u00edmite de colores y con excelente definici\u00f3n. Material: Manta cruda. Color: Beige o crema. Medida: 5.5 x 11.8 x 2.8 pulgadas. Capacidad: Para botella de vino tama\u00f1o est\u00e1ndar. Tambi\u00e9n sirve para guardar objetos peque\u00f1os. Impresi\u00f3n:Sublimaci\u00f3n directa sobre tela.Full color, sin l\u00edmite de colores (no es estampa). Personalizaci\u00f3n:Frase o mensaje a elecci\u00f3n del cliente. Aplicaciones:Pedimento de padrinos, bautizos, XV a\u00f1os, bodas, damas de honor y eventos especiales. Cierre: Cord\u00f3n autoajustable en la parte superior. NO incluye botella de vino. Comprar por WhatsApp\" \/>\n<meta property=\"og:url\" content=\"https:\/\/ixtaimpresiones.com\/?product=1081\" \/>\n<meta property=\"og:site_name\" content=\"Ixta Impresiones\" \/>\n<meta property=\"article:modified_time\" content=\"2025-12-30T03:42:45+00:00\" \/>\n<meta property=\"og:image\" content=\"https:\/\/ixtaimpresiones.com\/wp-content\/uploads\/2025\/12\/bolsa-vino-2.png\" \/>\n\t<meta property=\"og:image:width\" content=\"600\" \/>\n\t<meta property=\"og:image:height\" content=\"600\" \/>\n\t<meta property=\"og:image:type\" content=\"image\/png\" \/>\n<meta name=\"twitter:card\" content=\"summary_large_image\" \/>\n<meta name=\"twitter:label1\" content=\"Tiempo de lectura\" \/>\n\t<meta name=\"twitter:data1\" content=\"1 minuto\" \/>\n<script type=\"application\/ld+json\" class=\"yoast-schema-graph\">{\"@context\":\"https:\/\/schema.org\",\"@graph\":[{\"@type\":\"WebPage\",\"@id\":\"https:\/\/ixtaimpresiones.com\/?product=1081\",\"url\":\"https:\/\/ixtaimpresiones.com\/?product=1081\",\"name\":\"Bolsa para botella de vino - personalizada con frase - Ixta Impresiones\",\"isPartOf\":{\"@id\":\"https:\/\/ixtaimpresiones.com\/#website\"},\"primaryImageOfPage\":{\"@id\":\"https:\/\/ixtaimpresiones.com\/?product=1081#primaryimage\"},\"image\":{\"@id\":\"https:\/\/ixtaimpresiones.com\/?product=1081#primaryimage\"},\"thumbnailUrl\":\"https:\/\/ixtaimpresiones.com\/wp-content\/uploads\/2025\/12\/bolsa-vino-2.png\",\"datePublished\":\"2025-12-30T03:40:00+00:00\",\"dateModified\":\"2025-12-30T03:42:45+00:00\",\"breadcrumb\":{\"@id\":\"https:\/\/ixtaimpresiones.com\/?product=1081#breadcrumb\"},\"inLanguage\":\"es\",\"potentialAction\":[{\"@type\":\"ReadAction\",\"target\":[\"https:\/\/ixtaimpresiones.com\/?product=1081\"]}]},{\"@type\":\"ImageObject\",\"inLanguage\":\"es\",\"@id\":\"https:\/\/ixtaimpresiones.com\/?product=1081#primaryimage\",\"url\":\"https:\/\/ixtaimpresiones.com\/wp-content\/uploads\/2025\/12\/bolsa-vino-2.png\",\"contentUrl\":\"https:\/\/ixtaimpresiones.com\/wp-content\/uploads\/2025\/12\/bolsa-vino-2.png\",\"width\":600,\"height\":600},{\"@type\":\"BreadcrumbList\",\"@id\":\"https:\/\/ixtaimpresiones.com\/?product=1081#breadcrumb\",\"itemListElement\":[{\"@type\":\"ListItem\",\"position\":1,\"name\":\"Portada\",\"item\":\"https:\/\/ixtaimpresiones.com\/\"},{\"@type\":\"ListItem\",\"position\":2,\"name\":\"Productos\",\"item\":\"https:\/\/ixtaimpresiones.com\/?page_id=572\"},{\"@type\":\"ListItem\",\"position\":3,\"name\":\"Bolsa para botella de vino &#8211; personalizada con frase\"}]},{\"@type\":\"WebSite\",\"@id\":\"https:\/\/ixtaimpresiones.com\/#website\",\"url\":\"https:\/\/ixtaimpresiones.com\/\",\"name\":\"Ixta Impresiones\",\"description\":\"\",\"publisher\":{\"@id\":\"https:\/\/ixtaimpresiones.com\/#organization\"},\"potentialAction\":[{\"@type\":\"SearchAction\",\"target\":{\"@type\":\"EntryPoint\",\"urlTemplate\":\"https:\/\/ixtaimpresiones.com\/?s={search_term_string}\"},\"query-input\":{\"@type\":\"PropertyValueSpecification\",\"valueRequired\":true,\"valueName\":\"search_term_string\"}}],\"inLanguage\":\"es\"},{\"@type\":\"Organization\",\"@id\":\"https:\/\/ixtaimpresiones.com\/#organization\",\"name\":\"Ixta Impresiones\",\"url\":\"https:\/\/ixtaimpresiones.com\/\",\"logo\":{\"@type\":\"ImageObject\",\"inLanguage\":\"es\",\"@id\":\"https:\/\/ixtaimpresiones.com\/#\/schema\/logo\/image\/\",\"url\":\"https:\/\/ixtaimpresiones.com\/wp-content\/uploads\/2025\/08\/LOGO-copyright.png\",\"contentUrl\":\"https:\/\/ixtaimpresiones.com\/wp-content\/uploads\/2025\/08\/LOGO-copyright.png\",\"width\":900,\"height\":900,\"caption\":\"Ixta Impresiones\"},\"image\":{\"@id\":\"https:\/\/ixtaimpresiones.com\/#\/schema\/logo\/image\/\"}}]}<\/script>\n<!-- \/ Yoast SEO plugin. -->","yoast_head_json":{"title":"Bolsa para botella de vino - personalizada con frase - Ixta Impresiones","robots":{"index":"index","follow":"follow","max-snippet":"max-snippet:-1","max-image-preview":"max-image-preview:large","max-video-preview":"max-video-preview:-1"},"canonical":"https:\/\/ixtaimpresiones.com\/?product=1081","og_locale":"es_ES","og_type":"article","og_title":"Bolsa para botella de vino - personalizada con frase - Ixta Impresiones","og_description":"Sorprende con bolsas de manta cruda personalizadas, ideales para presentar botellas de vino, sidra o la bebida de tu elecci\u00f3n. Un detalle elegante, \u00fatil y con mensaje personalizado, perfecto para pedir padrinos, damas de honor o para eventos especiales. Nuestras bolsas est\u00e1n elaboradas en manta cruda color beige o crema y se personalizan con la frase que t\u00fa quieras. La impresi\u00f3n es directa sobre la tela mediante sublimaci\u00f3n, sin l\u00edmite de colores y con excelente definici\u00f3n. Material: Manta cruda. Color: Beige o crema. Medida: 5.5 x 11.8 x 2.8 pulgadas. Capacidad: Para botella de vino tama\u00f1o est\u00e1ndar. Tambi\u00e9n sirve para guardar objetos peque\u00f1os. Impresi\u00f3n:Sublimaci\u00f3n directa sobre tela.Full color, sin l\u00edmite de colores (no es estampa). Personalizaci\u00f3n:Frase o mensaje a elecci\u00f3n del cliente. Aplicaciones:Pedimento de padrinos, bautizos, XV a\u00f1os, bodas, damas de honor y eventos especiales. Cierre: Cord\u00f3n autoajustable en la parte superior. NO incluye botella de vino. Comprar por WhatsApp","og_url":"https:\/\/ixtaimpresiones.com\/?product=1081","og_site_name":"Ixta Impresiones","article_modified_time":"2025-12-30T03:42:45+00:00","og_image":[{"width":600,"height":600,"url":"https:\/\/ixtaimpresiones.com\/wp-content\/uploads\/2025\/12\/bolsa-vino-2.png","type":"image\/png"}],"twitter_card":"summary_large_image","twitter_misc":{"Tiempo de lectura":"1 minuto"},"schema":{"@context":"https:\/\/schema.org","@graph":[{"@type":"WebPage","@id":"https:\/\/ixtaimpresiones.com\/?product=1081","url":"https:\/\/ixtaimpresiones.com\/?product=1081","name":"Bolsa para botella de vino - personalizada con frase - Ixta Impresiones","isPartOf":{"@id":"https:\/\/ixtaimpresiones.com\/#website"},"primaryImageOfPage":{"@id":"https:\/\/ixtaimpresiones.com\/?product=1081#primaryimage"},"image":{"@id":"https:\/\/ixtaimpresiones.com\/?product=1081#primaryimage"},"thumbnailUrl":"https:\/\/ixtaimpresiones.com\/wp-content\/uploads\/2025\/12\/bolsa-vino-2.png","datePublished":"2025-12-30T03:40:00+00:00","dateModified":"2025-12-30T03:42:45+00:00","breadcrumb":{"@id":"https:\/\/ixtaimpresiones.com\/?product=1081#breadcrumb"},"inLanguage":"es","potentialAction":[{"@type":"ReadAction","target":["https:\/\/ixtaimpresiones.com\/?product=1081"]}]},{"@type":"ImageObject","inLanguage":"es","@id":"https:\/\/ixtaimpresiones.com\/?product=1081#primaryimage","url":"https:\/\/ixtaimpresiones.com\/wp-content\/uploads\/2025\/12\/bolsa-vino-2.png","contentUrl":"https:\/\/ixtaimpresiones.com\/wp-content\/uploads\/2025\/12\/bolsa-vino-2.png","width":600,"height":600},{"@type":"BreadcrumbList","@id":"https:\/\/ixtaimpresiones.com\/?product=1081#breadcrumb","itemListElement":[{"@type":"ListItem","position":1,"name":"Portada","item":"https:\/\/ixtaimpresiones.com\/"},{"@type":"ListItem","position":2,"name":"Productos","item":"https:\/\/ixtaimpresiones.com\/?page_id=572"},{"@type":"ListItem","position":3,"name":"Bolsa para botella de vino &#8211; personalizada con frase"}]},{"@type":"WebSite","@id":"https:\/\/ixtaimpresiones.com\/#website","url":"https:\/\/ixtaimpresiones.com\/","name":"Ixta Impresiones","description":"","publisher":{"@id":"https:\/\/ixtaimpresiones.com\/#organization"},"potentialAction":[{"@type":"SearchAction","target":{"@type":"EntryPoint","urlTemplate":"https:\/\/ixtaimpresiones.com\/?s={search_term_string}"},"query-input":{"@type":"PropertyValueSpecification","valueRequired":true,"valueName":"search_term_string"}}],"inLanguage":"es"},{"@type":"Organization","@id":"https:\/\/ixtaimpresiones.com\/#organization","name":"Ixta Impresiones","url":"https:\/\/ixtaimpresiones.com\/","logo":{"@type":"ImageObject","inLanguage":"es","@id":"https:\/\/ixtaimpresiones.com\/#\/schema\/logo\/image\/","url":"https:\/\/ixtaimpresiones.com\/wp-content\/uploads\/2025\/08\/LOGO-copyright.png","contentUrl":"https:\/\/ixtaimpresiones.com\/wp-content\/uploads\/2025\/08\/LOGO-copyright.png","width":900,"height":900,"caption":"Ixta Impresiones"},"image":{"@id":"https:\/\/ixtaimpresiones.com\/#\/schema\/logo\/image\/"}}]}},"_links":{"self":[{"href":"https:\/\/ixtaimpresiones.com\/index.php?rest_route=\/wp\/v2\/product\/1081","targetHints":{"allow":["GET"]}}],"collection":[{"href":"https:\/\/ixtaimpresiones.com\/index.php?rest_route=\/wp\/v2\/product"}],"about":[{"href":"https:\/\/ixtaimpresiones.com\/index.php?rest_route=\/wp\/v2\/types\/product"}],"replies":[{"embeddable":true,"href":"https:\/\/ixtaimpresiones.com\/index.php?rest_route=%2Fwp%2Fv2%2Fcomments&post=1081"}],"wp:featuredmedia":[{"embeddable":true,"href":"https:\/\/ixtaimpresiones.com\/index.php?rest_route=\/wp\/v2\/media\/1082"}],"wp:attachment":[{"href":"https:\/\/ixtaimpresiones.com\/index.php?rest_route=%2Fwp%2Fv2%2Fmedia&parent=1081"}],"wp:term":[{"taxonomy":"product_brand","embeddable":true,"href":"https:\/\/ixtaimpresiones.com\/index.php?rest_route=%2Fwp%2Fv2%2Fproduct_brand&post=1081"},{"taxonomy":"product_cat","embeddable":true,"href":"https:\/\/ixtaimpresiones.com\/index.php?rest_route=%2Fwp%2Fv2%2Fproduct_cat&post=1081"},{"taxonomy":"product_tag","embeddable":true,"href":"https:\/\/ixtaimpresiones.com\/index.php?rest_route=%2Fwp%2Fv2%2Fproduct_tag&post=1081"}],"curies":[{"name":"wp","href":"https:\/\/api.w.org\/{rel}","templated":true}]}}