{"id":1088,"date":"2025-12-30T04:03:03","date_gmt":"2025-12-30T04:03:03","guid":{"rendered":"https:\/\/ixtaimpresiones.com\/?post_type=product&#038;p=1088"},"modified":"2025-12-30T04:03:03","modified_gmt":"2025-12-30T04:03:03","slug":"pulsera-de-aluminio-unisex-personalizada-con-foto","status":"publish","type":"product","link":"https:\/\/ixtaimpresiones.com\/?product=pulsera-de-aluminio-unisex-personalizada-con-foto","title":{"rendered":"Pulsera de aluminio Unisex &#8211; personalizada con foto"},"content":{"rendered":"","protected":false},"excerpt":{"rendered":"<p data-start=\"50\" data-end=\"272\">Sorprende con una <strong data-start=\"68\" data-end=\"100\">pulsera unisex personalizada<\/strong>, de dise\u00f1o elegante y funcional, ideal tanto para hombre como para mujer. Un accesorio discreto, moderno y con un toque personal que la hace perfecta como regalo especial.<\/p>\n<p data-start=\"274\" data-end=\"490\">La pulsera est\u00e1 fabricada en aluminio con correa de cuerda trenzada color negro. El dise\u00f1o personalizado va protegido por una c\u00e1psula de cristal, lo que le da un acabado limpio y elegante, adem\u00e1s de mayor protecci\u00f3n.<\/p>\n<p data-start=\"492\" data-end=\"517\"><strong data-start=\"492\" data-end=\"505\">Material:<\/strong> Aluminio.<\/p>\n<p data-start=\"519\" data-end=\"561\"><strong data-start=\"519\" data-end=\"530\">Correa:<\/strong> Cuerda trenzada color negro.<\/p>\n<p data-start=\"563\" data-end=\"603\"><strong data-start=\"563\" data-end=\"574\">Dise\u00f1o:<\/strong> Unisex, para hombre y mujer.<\/p>\n<p data-start=\"655\" data-end=\"687\"><strong data-start=\"655\" data-end=\"679\">Di\u00e1metro del dise\u00f1o:<\/strong> 2.5 cm.<\/p>\n<p data-start=\"689\" data-end=\"743\"><strong data-start=\"689\" data-end=\"709\">Personalizaci\u00f3n:<\/strong><br data-start=\"709\" data-end=\"712\" \/>Fotograf\u00eda o dise\u00f1o a elecci\u00f3n.<\/p>\n<p data-start=\"745\" data-end=\"793\"><strong data-start=\"745\" data-end=\"756\">Ajuste:<\/strong> Correa ajustable para mu\u00f1eca adulta.<\/p>\n<p data-start=\"795\" data-end=\"927\"><strong data-start=\"795\" data-end=\"812\">Aplicaciones:<\/strong><br data-start=\"812\" data-end=\"815\" \/>Regalo para parejas o d\u00fao de pareja, aniversarios, cumplea\u00f1os, regalo para hombre o detalle especial para mujer.<\/p>\n<p><a style=\"background: #25D366; color: #fff; padding: 12px 20px; border-radius: 6px; text-decoration: none;\" href=\"https:\/\/wa.me\/524493620594?text=Hola%2C%20me%20interesa%20comprar%20un%20art%C3%ADculo.\">Comprar por WhatsApp<br \/>\n<\/a><\/p>\n","protected":false},"featured_media":1089,"comment_status":"open","ping_status":"closed","template":"","meta":[],"product_brand":[],"product_cat":[24,22],"product_tag":[43,45],"class_list":{"0":"post-1088","1":"product","2":"type-product","3":"status-publish","4":"has-post-thumbnail","6":"product_cat-acero","7":"product_cat-aluminio","8":"product_tag-para-hombres","9":"product_tag-para-parejas","11":"first","12":"instock","13":"shipping-taxable","14":"purchasable","15":"product-type-simple"},"yoast_head":"<!-- This site is optimized with the Yoast SEO plugin v25.4 - https:\/\/yoast.com\/wordpress\/plugins\/seo\/ -->\n<title>Pulsera de aluminio Unisex - personalizada con foto - Ixta Impresiones<\/title>\n<meta name=\"robots\" content=\"index, follow, max-snippet:-1, max-image-preview:large, max-video-preview:-1\" \/>\n<link rel=\"canonical\" href=\"https:\/\/ixtaimpresiones.com\/?product=pulsera-de-aluminio-unisex-personalizada-con-foto\" \/>\n<meta property=\"og:locale\" content=\"es_ES\" \/>\n<meta property=\"og:type\" content=\"article\" \/>\n<meta property=\"og:title\" content=\"Pulsera de aluminio Unisex - personalizada con foto - Ixta Impresiones\" \/>\n<meta property=\"og:description\" content=\"Sorprende con una pulsera unisex personalizada, de dise\u00f1o elegante y funcional, ideal tanto para hombre como para mujer. Un accesorio discreto, moderno y con un toque personal que la hace perfecta como regalo especial. La pulsera est\u00e1 fabricada en aluminio con correa de cuerda trenzada color negro. El dise\u00f1o personalizado va protegido por una c\u00e1psula de cristal, lo que le da un acabado limpio y elegante, adem\u00e1s de mayor protecci\u00f3n. Material: Aluminio. Correa: Cuerda trenzada color negro. Dise\u00f1o: Unisex, para hombre y mujer. Di\u00e1metro del dise\u00f1o: 2.5 cm. Personalizaci\u00f3n:Fotograf\u00eda o dise\u00f1o a elecci\u00f3n. Ajuste: Correa ajustable para mu\u00f1eca adulta. Aplicaciones:Regalo para parejas o d\u00fao de pareja, aniversarios, cumplea\u00f1os, regalo para hombre o detalle especial para mujer. Comprar por WhatsApp\" \/>\n<meta property=\"og:url\" content=\"https:\/\/ixtaimpresiones.com\/?product=pulsera-de-aluminio-unisex-personalizada-con-foto\" \/>\n<meta property=\"og:site_name\" content=\"Ixta Impresiones\" \/>\n<meta property=\"og:image\" content=\"https:\/\/ixtaimpresiones.com\/wp-content\/uploads\/2025\/12\/pulseraman.png\" \/>\n\t<meta property=\"og:image:width\" content=\"600\" \/>\n\t<meta property=\"og:image:height\" content=\"600\" \/>\n\t<meta property=\"og:image:type\" content=\"image\/png\" \/>\n<meta name=\"twitter:card\" content=\"summary_large_image\" \/>\n<meta name=\"twitter:label1\" content=\"Tiempo de lectura\" \/>\n\t<meta name=\"twitter:data1\" content=\"1 minuto\" \/>\n<script type=\"application\/ld+json\" class=\"yoast-schema-graph\">{\"@context\":\"https:\/\/schema.org\",\"@graph\":[{\"@type\":\"WebPage\",\"@id\":\"https:\/\/ixtaimpresiones.com\/?product=pulsera-de-aluminio-unisex-personalizada-con-foto\",\"url\":\"https:\/\/ixtaimpresiones.com\/?product=pulsera-de-aluminio-unisex-personalizada-con-foto\",\"name\":\"Pulsera de aluminio Unisex - personalizada con foto - Ixta Impresiones\",\"isPartOf\":{\"@id\":\"https:\/\/ixtaimpresiones.com\/#website\"},\"primaryImageOfPage\":{\"@id\":\"https:\/\/ixtaimpresiones.com\/?product=pulsera-de-aluminio-unisex-personalizada-con-foto#primaryimage\"},\"image\":{\"@id\":\"https:\/\/ixtaimpresiones.com\/?product=pulsera-de-aluminio-unisex-personalizada-con-foto#primaryimage\"},\"thumbnailUrl\":\"https:\/\/ixtaimpresiones.com\/wp-content\/uploads\/2025\/12\/pulseraman.png\",\"datePublished\":\"2025-12-30T04:03:03+00:00\",\"breadcrumb\":{\"@id\":\"https:\/\/ixtaimpresiones.com\/?product=pulsera-de-aluminio-unisex-personalizada-con-foto#breadcrumb\"},\"inLanguage\":\"es\",\"potentialAction\":[{\"@type\":\"ReadAction\",\"target\":[\"https:\/\/ixtaimpresiones.com\/?product=pulsera-de-aluminio-unisex-personalizada-con-foto\"]}]},{\"@type\":\"ImageObject\",\"inLanguage\":\"es\",\"@id\":\"https:\/\/ixtaimpresiones.com\/?product=pulsera-de-aluminio-unisex-personalizada-con-foto#primaryimage\",\"url\":\"https:\/\/ixtaimpresiones.com\/wp-content\/uploads\/2025\/12\/pulseraman.png\",\"contentUrl\":\"https:\/\/ixtaimpresiones.com\/wp-content\/uploads\/2025\/12\/pulseraman.png\",\"width\":600,\"height\":600},{\"@type\":\"BreadcrumbList\",\"@id\":\"https:\/\/ixtaimpresiones.com\/?product=pulsera-de-aluminio-unisex-personalizada-con-foto#breadcrumb\",\"itemListElement\":[{\"@type\":\"ListItem\",\"position\":1,\"name\":\"Portada\",\"item\":\"https:\/\/ixtaimpresiones.com\/\"},{\"@type\":\"ListItem\",\"position\":2,\"name\":\"Productos\",\"item\":\"https:\/\/ixtaimpresiones.com\/?page_id=572\"},{\"@type\":\"ListItem\",\"position\":3,\"name\":\"Pulsera de aluminio Unisex &#8211; personalizada con foto\"}]},{\"@type\":\"WebSite\",\"@id\":\"https:\/\/ixtaimpresiones.com\/#website\",\"url\":\"https:\/\/ixtaimpresiones.com\/\",\"name\":\"Ixta Impresiones\",\"description\":\"\",\"publisher\":{\"@id\":\"https:\/\/ixtaimpresiones.com\/#organization\"},\"potentialAction\":[{\"@type\":\"SearchAction\",\"target\":{\"@type\":\"EntryPoint\",\"urlTemplate\":\"https:\/\/ixtaimpresiones.com\/?s={search_term_string}\"},\"query-input\":{\"@type\":\"PropertyValueSpecification\",\"valueRequired\":true,\"valueName\":\"search_term_string\"}}],\"inLanguage\":\"es\"},{\"@type\":\"Organization\",\"@id\":\"https:\/\/ixtaimpresiones.com\/#organization\",\"name\":\"Ixta Impresiones\",\"url\":\"https:\/\/ixtaimpresiones.com\/\",\"logo\":{\"@type\":\"ImageObject\",\"inLanguage\":\"es\",\"@id\":\"https:\/\/ixtaimpresiones.com\/#\/schema\/logo\/image\/\",\"url\":\"https:\/\/ixtaimpresiones.com\/wp-content\/uploads\/2025\/08\/LOGO-copyright.png\",\"contentUrl\":\"https:\/\/ixtaimpresiones.com\/wp-content\/uploads\/2025\/08\/LOGO-copyright.png\",\"width\":900,\"height\":900,\"caption\":\"Ixta Impresiones\"},\"image\":{\"@id\":\"https:\/\/ixtaimpresiones.com\/#\/schema\/logo\/image\/\"}}]}<\/script>\n<!-- \/ Yoast SEO plugin. -->","yoast_head_json":{"title":"Pulsera de aluminio Unisex - personalizada con foto - Ixta Impresiones","robots":{"index":"index","follow":"follow","max-snippet":"max-snippet:-1","max-image-preview":"max-image-preview:large","max-video-preview":"max-video-preview:-1"},"canonical":"https:\/\/ixtaimpresiones.com\/?product=pulsera-de-aluminio-unisex-personalizada-con-foto","og_locale":"es_ES","og_type":"article","og_title":"Pulsera de aluminio Unisex - personalizada con foto - Ixta Impresiones","og_description":"Sorprende con una pulsera unisex personalizada, de dise\u00f1o elegante y funcional, ideal tanto para hombre como para mujer. Un accesorio discreto, moderno y con un toque personal que la hace perfecta como regalo especial. La pulsera est\u00e1 fabricada en aluminio con correa de cuerda trenzada color negro. El dise\u00f1o personalizado va protegido por una c\u00e1psula de cristal, lo que le da un acabado limpio y elegante, adem\u00e1s de mayor protecci\u00f3n. Material: Aluminio. Correa: Cuerda trenzada color negro. Dise\u00f1o: Unisex, para hombre y mujer. Di\u00e1metro del dise\u00f1o: 2.5 cm. Personalizaci\u00f3n:Fotograf\u00eda o dise\u00f1o a elecci\u00f3n. Ajuste: Correa ajustable para mu\u00f1eca adulta. Aplicaciones:Regalo para parejas o d\u00fao de pareja, aniversarios, cumplea\u00f1os, regalo para hombre o detalle especial para mujer. Comprar por WhatsApp","og_url":"https:\/\/ixtaimpresiones.com\/?product=pulsera-de-aluminio-unisex-personalizada-con-foto","og_site_name":"Ixta Impresiones","og_image":[{"width":600,"height":600,"url":"https:\/\/ixtaimpresiones.com\/wp-content\/uploads\/2025\/12\/pulseraman.png","type":"image\/png"}],"twitter_card":"summary_large_image","twitter_misc":{"Tiempo de lectura":"1 minuto"},"schema":{"@context":"https:\/\/schema.org","@graph":[{"@type":"WebPage","@id":"https:\/\/ixtaimpresiones.com\/?product=pulsera-de-aluminio-unisex-personalizada-con-foto","url":"https:\/\/ixtaimpresiones.com\/?product=pulsera-de-aluminio-unisex-personalizada-con-foto","name":"Pulsera de aluminio Unisex - personalizada con foto - Ixta Impresiones","isPartOf":{"@id":"https:\/\/ixtaimpresiones.com\/#website"},"primaryImageOfPage":{"@id":"https:\/\/ixtaimpresiones.com\/?product=pulsera-de-aluminio-unisex-personalizada-con-foto#primaryimage"},"image":{"@id":"https:\/\/ixtaimpresiones.com\/?product=pulsera-de-aluminio-unisex-personalizada-con-foto#primaryimage"},"thumbnailUrl":"https:\/\/ixtaimpresiones.com\/wp-content\/uploads\/2025\/12\/pulseraman.png","datePublished":"2025-12-30T04:03:03+00:00","breadcrumb":{"@id":"https:\/\/ixtaimpresiones.com\/?product=pulsera-de-aluminio-unisex-personalizada-con-foto#breadcrumb"},"inLanguage":"es","potentialAction":[{"@type":"ReadAction","target":["https:\/\/ixtaimpresiones.com\/?product=pulsera-de-aluminio-unisex-personalizada-con-foto"]}]},{"@type":"ImageObject","inLanguage":"es","@id":"https:\/\/ixtaimpresiones.com\/?product=pulsera-de-aluminio-unisex-personalizada-con-foto#primaryimage","url":"https:\/\/ixtaimpresiones.com\/wp-content\/uploads\/2025\/12\/pulseraman.png","contentUrl":"https:\/\/ixtaimpresiones.com\/wp-content\/uploads\/2025\/12\/pulseraman.png","width":600,"height":600},{"@type":"BreadcrumbList","@id":"https:\/\/ixtaimpresiones.com\/?product=pulsera-de-aluminio-unisex-personalizada-con-foto#breadcrumb","itemListElement":[{"@type":"ListItem","position":1,"name":"Portada","item":"https:\/\/ixtaimpresiones.com\/"},{"@type":"ListItem","position":2,"name":"Productos","item":"https:\/\/ixtaimpresiones.com\/?page_id=572"},{"@type":"ListItem","position":3,"name":"Pulsera de aluminio Unisex &#8211; personalizada con foto"}]},{"@type":"WebSite","@id":"https:\/\/ixtaimpresiones.com\/#website","url":"https:\/\/ixtaimpresiones.com\/","name":"Ixta Impresiones","description":"","publisher":{"@id":"https:\/\/ixtaimpresiones.com\/#organization"},"potentialAction":[{"@type":"SearchAction","target":{"@type":"EntryPoint","urlTemplate":"https:\/\/ixtaimpresiones.com\/?s={search_term_string}"},"query-input":{"@type":"PropertyValueSpecification","valueRequired":true,"valueName":"search_term_string"}}],"inLanguage":"es"},{"@type":"Organization","@id":"https:\/\/ixtaimpresiones.com\/#organization","name":"Ixta Impresiones","url":"https:\/\/ixtaimpresiones.com\/","logo":{"@type":"ImageObject","inLanguage":"es","@id":"https:\/\/ixtaimpresiones.com\/#\/schema\/logo\/image\/","url":"https:\/\/ixtaimpresiones.com\/wp-content\/uploads\/2025\/08\/LOGO-copyright.png","contentUrl":"https:\/\/ixtaimpresiones.com\/wp-content\/uploads\/2025\/08\/LOGO-copyright.png","width":900,"height":900,"caption":"Ixta Impresiones"},"image":{"@id":"https:\/\/ixtaimpresiones.com\/#\/schema\/logo\/image\/"}}]}},"_links":{"self":[{"href":"https:\/\/ixtaimpresiones.com\/index.php?rest_route=\/wp\/v2\/product\/1088","targetHints":{"allow":["GET"]}}],"collection":[{"href":"https:\/\/ixtaimpresiones.com\/index.php?rest_route=\/wp\/v2\/product"}],"about":[{"href":"https:\/\/ixtaimpresiones.com\/index.php?rest_route=\/wp\/v2\/types\/product"}],"replies":[{"embeddable":true,"href":"https:\/\/ixtaimpresiones.com\/index.php?rest_route=%2Fwp%2Fv2%2Fcomments&post=1088"}],"wp:featuredmedia":[{"embeddable":true,"href":"https:\/\/ixtaimpresiones.com\/index.php?rest_route=\/wp\/v2\/media\/1089"}],"wp:attachment":[{"href":"https:\/\/ixtaimpresiones.com\/index.php?rest_route=%2Fwp%2Fv2%2Fmedia&parent=1088"}],"wp:term":[{"taxonomy":"product_brand","embeddable":true,"href":"https:\/\/ixtaimpresiones.com\/index.php?rest_route=%2Fwp%2Fv2%2Fproduct_brand&post=1088"},{"taxonomy":"product_cat","embeddable":true,"href":"https:\/\/ixtaimpresiones.com\/index.php?rest_route=%2Fwp%2Fv2%2Fproduct_cat&post=1088"},{"taxonomy":"product_tag","embeddable":true,"href":"https:\/\/ixtaimpresiones.com\/index.php?rest_route=%2Fwp%2Fv2%2Fproduct_tag&post=1088"}],"curies":[{"name":"wp","href":"https:\/\/api.w.org\/{rel}","templated":true}]}}