{"id":1112,"date":"2025-12-30T21:04:52","date_gmt":"2025-12-30T21:04:52","guid":{"rendered":"https:\/\/ixtaimpresiones.com\/?post_type=product&#038;p=1112"},"modified":"2025-12-30T21:04:52","modified_gmt":"2025-12-30T21:04:52","slug":"vasos-con-tapa-domo-personalizados","status":"publish","type":"product","link":"https:\/\/ixtaimpresiones.com\/?product=vasos-con-tapa-domo-personalizados","title":{"rendered":"Vasos con tapa domo personalizados"},"content":{"rendered":"","protected":false},"excerpt":{"rendered":"<p data-start=\"61\" data-end=\"294\">Pr\u00e1cticos y llamativos, nuestros <strong data-start=\"94\" data-end=\"132\">vasos con tapa domo personalizados<\/strong> son ideales para bebidas fr\u00edas y eventos especiales. Perfectos para frapp\u00e9s y bebidas similares, funcionan muy bien como regalo infantil o souvenir para fiestas.<\/p>\n<p data-start=\"296\" data-end=\"428\">Los vasos son reutilizables y se personalizan con impresi\u00f3n en <strong data-start=\"359\" data-end=\"377\">corte de vinil<\/strong>, en uno o varios colores, seg\u00fan el dise\u00f1o elegido.<\/p>\n<p data-start=\"430\" data-end=\"468\"><strong data-start=\"430\" data-end=\"443\">Material:<\/strong> Pl\u00e1stico reutilizable.<\/p>\n<p data-start=\"470\" data-end=\"509\"><strong data-start=\"470\" data-end=\"484\">Capacidad:<\/strong> 10 oz (medida est\u00e1ndar).<\/p>\n<p data-start=\"511\" data-end=\"531\"><strong data-start=\"511\" data-end=\"520\">Tapa:<\/strong> Tipo domo.<\/p>\n<p data-start=\"533\" data-end=\"566\"><strong data-start=\"533\" data-end=\"545\">Incluye:<\/strong><br data-start=\"545\" data-end=\"548\" \/>Popote para tomar.<\/p>\n<p data-start=\"568\" data-end=\"645\"><strong data-start=\"568\" data-end=\"588\">Personalizaci\u00f3n:<\/strong><br data-start=\"588\" data-end=\"591\" \/>Corte de vinil.<br data-start=\"606\" data-end=\"609\" \/>Uno o varios colores (seg\u00fan dise\u00f1o).<\/p>\n<p data-start=\"647\" data-end=\"747\"><strong data-start=\"647\" data-end=\"664\">Aplicaciones:<\/strong><br data-start=\"664\" data-end=\"667\" \/>Fiestas infantiles, cumplea\u00f1os, XV a\u00f1os, bautizos y eventos sociales en general.<\/p>\n<p data-start=\"749\" data-end=\"842\"><strong data-start=\"749\" data-end=\"759\">Costo:<\/strong><br data-start=\"759\" data-end=\"762\" \/>Desde $35 MXN c\/u.<br data-start=\"780\" data-end=\"783\" \/><span style=\"color: #ff0000;\">El precio puede variar seg\u00fan el dise\u00f1o y n\u00famero de colores.<\/span><\/p>\n<p><a style=\"background: #25D366; color: #fff; padding: 12px 20px; border-radius: 6px; text-decoration: none;\" href=\"https:\/\/wa.me\/524493620594?text=Hola%2C%20me%20interesa%20comprar%20un%20art%C3%ADculo.\">Comprar por WhatsApp<br \/>\n<\/a><\/p>\n","protected":false},"featured_media":1113,"comment_status":"open","ping_status":"closed","template":"","meta":[],"product_brand":[],"product_cat":[29],"product_tag":[40,39],"class_list":{"0":"post-1112","1":"product","2":"type-product","3":"status-publish","4":"has-post-thumbnail","6":"product_cat-plasticos","7":"product_tag-para-cumpleanos","8":"product_tag-para-tus-eventos","10":"first","11":"instock","12":"shipping-taxable","13":"purchasable","14":"product-type-simple"},"yoast_head":"<!-- This site is optimized with the Yoast SEO plugin v25.4 - https:\/\/yoast.com\/wordpress\/plugins\/seo\/ -->\n<title>Vasos con tapa domo personalizados - Ixta Impresiones<\/title>\n<meta name=\"robots\" content=\"index, follow, max-snippet:-1, max-image-preview:large, max-video-preview:-1\" \/>\n<link rel=\"canonical\" href=\"https:\/\/ixtaimpresiones.com\/?product=vasos-con-tapa-domo-personalizados\" \/>\n<meta property=\"og:locale\" content=\"es_ES\" \/>\n<meta property=\"og:type\" content=\"article\" \/>\n<meta property=\"og:title\" content=\"Vasos con tapa domo personalizados - Ixta Impresiones\" \/>\n<meta property=\"og:description\" content=\"Pr\u00e1cticos y llamativos, nuestros vasos con tapa domo personalizados son ideales para bebidas fr\u00edas y eventos especiales. Perfectos para frapp\u00e9s y bebidas similares, funcionan muy bien como regalo infantil o souvenir para fiestas. Los vasos son reutilizables y se personalizan con impresi\u00f3n en corte de vinil, en uno o varios colores, seg\u00fan el dise\u00f1o elegido. Material: Pl\u00e1stico reutilizable. Capacidad: 10 oz (medida est\u00e1ndar). Tapa: Tipo domo. Incluye:Popote para tomar. Personalizaci\u00f3n:Corte de vinil.Uno o varios colores (seg\u00fan dise\u00f1o). Aplicaciones:Fiestas infantiles, cumplea\u00f1os, XV a\u00f1os, bautizos y eventos sociales en general. Costo:Desde $35 MXN c\/u.El precio puede variar seg\u00fan el dise\u00f1o y n\u00famero de colores. Comprar por WhatsApp\" \/>\n<meta property=\"og:url\" content=\"https:\/\/ixtaimpresiones.com\/?product=vasos-con-tapa-domo-personalizados\" \/>\n<meta property=\"og:site_name\" content=\"Ixta Impresiones\" \/>\n<meta property=\"og:image\" content=\"https:\/\/ixtaimpresiones.com\/wp-content\/uploads\/2025\/12\/vaso-frappe.png\" \/>\n\t<meta property=\"og:image:width\" content=\"600\" \/>\n\t<meta property=\"og:image:height\" content=\"600\" \/>\n\t<meta property=\"og:image:type\" content=\"image\/png\" \/>\n<meta name=\"twitter:card\" content=\"summary_large_image\" \/>\n<meta name=\"twitter:label1\" content=\"Tiempo de lectura\" \/>\n\t<meta name=\"twitter:data1\" content=\"1 minuto\" \/>\n<script type=\"application\/ld+json\" class=\"yoast-schema-graph\">{\"@context\":\"https:\/\/schema.org\",\"@graph\":[{\"@type\":\"WebPage\",\"@id\":\"https:\/\/ixtaimpresiones.com\/?product=vasos-con-tapa-domo-personalizados\",\"url\":\"https:\/\/ixtaimpresiones.com\/?product=vasos-con-tapa-domo-personalizados\",\"name\":\"Vasos con tapa domo personalizados - Ixta Impresiones\",\"isPartOf\":{\"@id\":\"https:\/\/ixtaimpresiones.com\/#website\"},\"primaryImageOfPage\":{\"@id\":\"https:\/\/ixtaimpresiones.com\/?product=vasos-con-tapa-domo-personalizados#primaryimage\"},\"image\":{\"@id\":\"https:\/\/ixtaimpresiones.com\/?product=vasos-con-tapa-domo-personalizados#primaryimage\"},\"thumbnailUrl\":\"https:\/\/ixtaimpresiones.com\/wp-content\/uploads\/2025\/12\/vaso-frappe.png\",\"datePublished\":\"2025-12-30T21:04:52+00:00\",\"breadcrumb\":{\"@id\":\"https:\/\/ixtaimpresiones.com\/?product=vasos-con-tapa-domo-personalizados#breadcrumb\"},\"inLanguage\":\"es\",\"potentialAction\":[{\"@type\":\"ReadAction\",\"target\":[\"https:\/\/ixtaimpresiones.com\/?product=vasos-con-tapa-domo-personalizados\"]}]},{\"@type\":\"ImageObject\",\"inLanguage\":\"es\",\"@id\":\"https:\/\/ixtaimpresiones.com\/?product=vasos-con-tapa-domo-personalizados#primaryimage\",\"url\":\"https:\/\/ixtaimpresiones.com\/wp-content\/uploads\/2025\/12\/vaso-frappe.png\",\"contentUrl\":\"https:\/\/ixtaimpresiones.com\/wp-content\/uploads\/2025\/12\/vaso-frappe.png\",\"width\":600,\"height\":600},{\"@type\":\"BreadcrumbList\",\"@id\":\"https:\/\/ixtaimpresiones.com\/?product=vasos-con-tapa-domo-personalizados#breadcrumb\",\"itemListElement\":[{\"@type\":\"ListItem\",\"position\":1,\"name\":\"Portada\",\"item\":\"https:\/\/ixtaimpresiones.com\/\"},{\"@type\":\"ListItem\",\"position\":2,\"name\":\"Productos\",\"item\":\"https:\/\/ixtaimpresiones.com\/?page_id=572\"},{\"@type\":\"ListItem\",\"position\":3,\"name\":\"Vasos con tapa domo personalizados\"}]},{\"@type\":\"WebSite\",\"@id\":\"https:\/\/ixtaimpresiones.com\/#website\",\"url\":\"https:\/\/ixtaimpresiones.com\/\",\"name\":\"Ixta Impresiones\",\"description\":\"\",\"publisher\":{\"@id\":\"https:\/\/ixtaimpresiones.com\/#organization\"},\"potentialAction\":[{\"@type\":\"SearchAction\",\"target\":{\"@type\":\"EntryPoint\",\"urlTemplate\":\"https:\/\/ixtaimpresiones.com\/?s={search_term_string}\"},\"query-input\":{\"@type\":\"PropertyValueSpecification\",\"valueRequired\":true,\"valueName\":\"search_term_string\"}}],\"inLanguage\":\"es\"},{\"@type\":\"Organization\",\"@id\":\"https:\/\/ixtaimpresiones.com\/#organization\",\"name\":\"Ixta Impresiones\",\"url\":\"https:\/\/ixtaimpresiones.com\/\",\"logo\":{\"@type\":\"ImageObject\",\"inLanguage\":\"es\",\"@id\":\"https:\/\/ixtaimpresiones.com\/#\/schema\/logo\/image\/\",\"url\":\"https:\/\/ixtaimpresiones.com\/wp-content\/uploads\/2025\/08\/LOGO-copyright.png\",\"contentUrl\":\"https:\/\/ixtaimpresiones.com\/wp-content\/uploads\/2025\/08\/LOGO-copyright.png\",\"width\":900,\"height\":900,\"caption\":\"Ixta Impresiones\"},\"image\":{\"@id\":\"https:\/\/ixtaimpresiones.com\/#\/schema\/logo\/image\/\"}}]}<\/script>\n<!-- \/ Yoast SEO plugin. -->","yoast_head_json":{"title":"Vasos con tapa domo personalizados - Ixta Impresiones","robots":{"index":"index","follow":"follow","max-snippet":"max-snippet:-1","max-image-preview":"max-image-preview:large","max-video-preview":"max-video-preview:-1"},"canonical":"https:\/\/ixtaimpresiones.com\/?product=vasos-con-tapa-domo-personalizados","og_locale":"es_ES","og_type":"article","og_title":"Vasos con tapa domo personalizados - Ixta Impresiones","og_description":"Pr\u00e1cticos y llamativos, nuestros vasos con tapa domo personalizados son ideales para bebidas fr\u00edas y eventos especiales. Perfectos para frapp\u00e9s y bebidas similares, funcionan muy bien como regalo infantil o souvenir para fiestas. Los vasos son reutilizables y se personalizan con impresi\u00f3n en corte de vinil, en uno o varios colores, seg\u00fan el dise\u00f1o elegido. Material: Pl\u00e1stico reutilizable. Capacidad: 10 oz (medida est\u00e1ndar). Tapa: Tipo domo. Incluye:Popote para tomar. Personalizaci\u00f3n:Corte de vinil.Uno o varios colores (seg\u00fan dise\u00f1o). Aplicaciones:Fiestas infantiles, cumplea\u00f1os, XV a\u00f1os, bautizos y eventos sociales en general. Costo:Desde $35 MXN c\/u.El precio puede variar seg\u00fan el dise\u00f1o y n\u00famero de colores. Comprar por WhatsApp","og_url":"https:\/\/ixtaimpresiones.com\/?product=vasos-con-tapa-domo-personalizados","og_site_name":"Ixta Impresiones","og_image":[{"width":600,"height":600,"url":"https:\/\/ixtaimpresiones.com\/wp-content\/uploads\/2025\/12\/vaso-frappe.png","type":"image\/png"}],"twitter_card":"summary_large_image","twitter_misc":{"Tiempo de lectura":"1 minuto"},"schema":{"@context":"https:\/\/schema.org","@graph":[{"@type":"WebPage","@id":"https:\/\/ixtaimpresiones.com\/?product=vasos-con-tapa-domo-personalizados","url":"https:\/\/ixtaimpresiones.com\/?product=vasos-con-tapa-domo-personalizados","name":"Vasos con tapa domo personalizados - Ixta Impresiones","isPartOf":{"@id":"https:\/\/ixtaimpresiones.com\/#website"},"primaryImageOfPage":{"@id":"https:\/\/ixtaimpresiones.com\/?product=vasos-con-tapa-domo-personalizados#primaryimage"},"image":{"@id":"https:\/\/ixtaimpresiones.com\/?product=vasos-con-tapa-domo-personalizados#primaryimage"},"thumbnailUrl":"https:\/\/ixtaimpresiones.com\/wp-content\/uploads\/2025\/12\/vaso-frappe.png","datePublished":"2025-12-30T21:04:52+00:00","breadcrumb":{"@id":"https:\/\/ixtaimpresiones.com\/?product=vasos-con-tapa-domo-personalizados#breadcrumb"},"inLanguage":"es","potentialAction":[{"@type":"ReadAction","target":["https:\/\/ixtaimpresiones.com\/?product=vasos-con-tapa-domo-personalizados"]}]},{"@type":"ImageObject","inLanguage":"es","@id":"https:\/\/ixtaimpresiones.com\/?product=vasos-con-tapa-domo-personalizados#primaryimage","url":"https:\/\/ixtaimpresiones.com\/wp-content\/uploads\/2025\/12\/vaso-frappe.png","contentUrl":"https:\/\/ixtaimpresiones.com\/wp-content\/uploads\/2025\/12\/vaso-frappe.png","width":600,"height":600},{"@type":"BreadcrumbList","@id":"https:\/\/ixtaimpresiones.com\/?product=vasos-con-tapa-domo-personalizados#breadcrumb","itemListElement":[{"@type":"ListItem","position":1,"name":"Portada","item":"https:\/\/ixtaimpresiones.com\/"},{"@type":"ListItem","position":2,"name":"Productos","item":"https:\/\/ixtaimpresiones.com\/?page_id=572"},{"@type":"ListItem","position":3,"name":"Vasos con tapa domo personalizados"}]},{"@type":"WebSite","@id":"https:\/\/ixtaimpresiones.com\/#website","url":"https:\/\/ixtaimpresiones.com\/","name":"Ixta Impresiones","description":"","publisher":{"@id":"https:\/\/ixtaimpresiones.com\/#organization"},"potentialAction":[{"@type":"SearchAction","target":{"@type":"EntryPoint","urlTemplate":"https:\/\/ixtaimpresiones.com\/?s={search_term_string}"},"query-input":{"@type":"PropertyValueSpecification","valueRequired":true,"valueName":"search_term_string"}}],"inLanguage":"es"},{"@type":"Organization","@id":"https:\/\/ixtaimpresiones.com\/#organization","name":"Ixta Impresiones","url":"https:\/\/ixtaimpresiones.com\/","logo":{"@type":"ImageObject","inLanguage":"es","@id":"https:\/\/ixtaimpresiones.com\/#\/schema\/logo\/image\/","url":"https:\/\/ixtaimpresiones.com\/wp-content\/uploads\/2025\/08\/LOGO-copyright.png","contentUrl":"https:\/\/ixtaimpresiones.com\/wp-content\/uploads\/2025\/08\/LOGO-copyright.png","width":900,"height":900,"caption":"Ixta Impresiones"},"image":{"@id":"https:\/\/ixtaimpresiones.com\/#\/schema\/logo\/image\/"}}]}},"_links":{"self":[{"href":"https:\/\/ixtaimpresiones.com\/index.php?rest_route=\/wp\/v2\/product\/1112","targetHints":{"allow":["GET"]}}],"collection":[{"href":"https:\/\/ixtaimpresiones.com\/index.php?rest_route=\/wp\/v2\/product"}],"about":[{"href":"https:\/\/ixtaimpresiones.com\/index.php?rest_route=\/wp\/v2\/types\/product"}],"replies":[{"embeddable":true,"href":"https:\/\/ixtaimpresiones.com\/index.php?rest_route=%2Fwp%2Fv2%2Fcomments&post=1112"}],"wp:featuredmedia":[{"embeddable":true,"href":"https:\/\/ixtaimpresiones.com\/index.php?rest_route=\/wp\/v2\/media\/1113"}],"wp:attachment":[{"href":"https:\/\/ixtaimpresiones.com\/index.php?rest_route=%2Fwp%2Fv2%2Fmedia&parent=1112"}],"wp:term":[{"taxonomy":"product_brand","embeddable":true,"href":"https:\/\/ixtaimpresiones.com\/index.php?rest_route=%2Fwp%2Fv2%2Fproduct_brand&post=1112"},{"taxonomy":"product_cat","embeddable":true,"href":"https:\/\/ixtaimpresiones.com\/index.php?rest_route=%2Fwp%2Fv2%2Fproduct_cat&post=1112"},{"taxonomy":"product_tag","embeddable":true,"href":"https:\/\/ixtaimpresiones.com\/index.php?rest_route=%2Fwp%2Fv2%2Fproduct_tag&post=1112"}],"curies":[{"name":"wp","href":"https:\/\/api.w.org\/{rel}","templated":true}]}}