{"id":1126,"date":"2025-12-31T00:12:51","date_gmt":"2025-12-31T00:12:51","guid":{"rendered":"https:\/\/ixtaimpresiones.com\/?post_type=product&#038;p=1126"},"modified":"2025-12-31T00:12:51","modified_gmt":"2025-12-31T00:12:51","slug":"sudadera-para-osos-de-peluche-personalizada","status":"publish","type":"product","link":"https:\/\/ixtaimpresiones.com\/?product=sudadera-para-osos-de-peluche-personalizada","title":{"rendered":"Sudadera para osos de peluche &#8211; personalizada"},"content":{"rendered":"","protected":false},"excerpt":{"rendered":"<p data-start=\"61\" data-end=\"278\">Personaliza tus regalos con una <strong>sudadera capucha para oso personalizada<\/strong>, ideal para darle un toque especial a peluches. Perfecta para regalos infantiles o detalles con mensaje emocional para ocasiones importantes.<\/p>\n<p data-start=\"280\" data-end=\"509\">La sudadera est\u00e1 elaborada en <strong data-start=\"309\" data-end=\"327\">poli\u00e9ster 100%<\/strong> y se personaliza con impresi\u00f3n directa mediante sublimaci\u00f3n, permitiendo dise\u00f1os a todo color sin l\u00edmite. Puedes incluir fotograf\u00eda, frase, nombre, dibujo o el dise\u00f1o que t\u00fa elijas.<\/p>\n<p data-start=\"544\" data-end=\"562\"><strong data-start=\"544\" data-end=\"554\">Color:<\/strong> Blanco.<\/p>\n<p data-start=\"737\" data-end=\"830\"><strong data-start=\"737\" data-end=\"748\">Tama\u00f1o:<\/strong><br data-start=\"748\" data-end=\"751\" \/>Para oso de talla chica-mediana.<br data-start=\"777\" data-end=\"780\" \/>Recomendado para peluches de 30 a 40 cm de altura.<\/p>\n<p data-start=\"737\" data-end=\"830\"><span style=\"color: #ff0000;\"><em data-start=\"872\" data-end=\"893\">No incluye peluche.<\/em><\/span><\/p>\n<p data-start=\"895\" data-end=\"1078\"><strong data-start=\"895\" data-end=\"912\">Aplicaciones:<\/strong><br data-start=\"912\" data-end=\"915\" \/>Regalo infantil para ni\u00f1os, regalo con mensaje especial para parejas, pedimento de novia, pedimento de matrimonio, regalo de San Valent\u00edn y regalo para cumplea\u00f1os.<\/p>\n<p><a style=\"background: #25D366; color: #fff; padding: 12px 20px; border-radius: 6px; text-decoration: none;\" href=\"https:\/\/wa.me\/524493620594?text=Hola%2C%20me%20interesa%20comprar%20un%20art%C3%ADculo.\">Comprar por WhatsApp<br \/>\n<\/a><\/p>\n","protected":false},"featured_media":1127,"comment_status":"open","ping_status":"closed","template":"","meta":[],"product_brand":[],"product_cat":[25],"product_tag":[34,44,45],"class_list":{"0":"post-1126","1":"product","2":"type-product","3":"status-publish","4":"has-post-thumbnail","6":"product_cat-textil","7":"product_tag-curiosidades","8":"product_tag-para-ninos","9":"product_tag-para-parejas","11":"first","12":"instock","13":"shipping-taxable","14":"purchasable","15":"product-type-simple"},"yoast_head":"<!-- This site is optimized with the Yoast SEO plugin v25.4 - https:\/\/yoast.com\/wordpress\/plugins\/seo\/ -->\n<title>Sudadera para osos de peluche - personalizada - Ixta Impresiones<\/title>\n<meta name=\"robots\" content=\"index, follow, max-snippet:-1, max-image-preview:large, max-video-preview:-1\" \/>\n<link rel=\"canonical\" href=\"https:\/\/ixtaimpresiones.com\/?product=sudadera-para-osos-de-peluche-personalizada\" \/>\n<meta property=\"og:locale\" content=\"es_ES\" \/>\n<meta property=\"og:type\" content=\"article\" \/>\n<meta property=\"og:title\" content=\"Sudadera para osos de peluche - personalizada - Ixta Impresiones\" \/>\n<meta property=\"og:description\" content=\"Personaliza tus regalos con una sudadera capucha para oso personalizada, ideal para darle un toque especial a peluches. Perfecta para regalos infantiles o detalles con mensaje emocional para ocasiones importantes. La sudadera est\u00e1 elaborada en poli\u00e9ster 100% y se personaliza con impresi\u00f3n directa mediante sublimaci\u00f3n, permitiendo dise\u00f1os a todo color sin l\u00edmite. Puedes incluir fotograf\u00eda, frase, nombre, dibujo o el dise\u00f1o que t\u00fa elijas. Color: Blanco. Tama\u00f1o:Para oso de talla chica-mediana.Recomendado para peluches de 30 a 40 cm de altura. No incluye peluche. Aplicaciones:Regalo infantil para ni\u00f1os, regalo con mensaje especial para parejas, pedimento de novia, pedimento de matrimonio, regalo de San Valent\u00edn y regalo para cumplea\u00f1os. Comprar por WhatsApp\" \/>\n<meta property=\"og:url\" content=\"https:\/\/ixtaimpresiones.com\/?product=sudadera-para-osos-de-peluche-personalizada\" \/>\n<meta property=\"og:site_name\" content=\"Ixta Impresiones\" \/>\n<meta property=\"og:image\" content=\"https:\/\/ixtaimpresiones.com\/wp-content\/uploads\/2025\/12\/oso-2.png\" \/>\n\t<meta property=\"og:image:width\" content=\"600\" \/>\n\t<meta property=\"og:image:height\" content=\"600\" \/>\n\t<meta property=\"og:image:type\" content=\"image\/png\" \/>\n<meta name=\"twitter:card\" content=\"summary_large_image\" \/>\n<meta name=\"twitter:label1\" content=\"Tiempo de lectura\" \/>\n\t<meta name=\"twitter:data1\" content=\"1 minuto\" \/>\n<script type=\"application\/ld+json\" class=\"yoast-schema-graph\">{\"@context\":\"https:\/\/schema.org\",\"@graph\":[{\"@type\":\"WebPage\",\"@id\":\"https:\/\/ixtaimpresiones.com\/?product=sudadera-para-osos-de-peluche-personalizada\",\"url\":\"https:\/\/ixtaimpresiones.com\/?product=sudadera-para-osos-de-peluche-personalizada\",\"name\":\"Sudadera para osos de peluche - personalizada - Ixta Impresiones\",\"isPartOf\":{\"@id\":\"https:\/\/ixtaimpresiones.com\/#website\"},\"primaryImageOfPage\":{\"@id\":\"https:\/\/ixtaimpresiones.com\/?product=sudadera-para-osos-de-peluche-personalizada#primaryimage\"},\"image\":{\"@id\":\"https:\/\/ixtaimpresiones.com\/?product=sudadera-para-osos-de-peluche-personalizada#primaryimage\"},\"thumbnailUrl\":\"https:\/\/ixtaimpresiones.com\/wp-content\/uploads\/2025\/12\/oso-2.png\",\"datePublished\":\"2025-12-31T00:12:51+00:00\",\"breadcrumb\":{\"@id\":\"https:\/\/ixtaimpresiones.com\/?product=sudadera-para-osos-de-peluche-personalizada#breadcrumb\"},\"inLanguage\":\"es\",\"potentialAction\":[{\"@type\":\"ReadAction\",\"target\":[\"https:\/\/ixtaimpresiones.com\/?product=sudadera-para-osos-de-peluche-personalizada\"]}]},{\"@type\":\"ImageObject\",\"inLanguage\":\"es\",\"@id\":\"https:\/\/ixtaimpresiones.com\/?product=sudadera-para-osos-de-peluche-personalizada#primaryimage\",\"url\":\"https:\/\/ixtaimpresiones.com\/wp-content\/uploads\/2025\/12\/oso-2.png\",\"contentUrl\":\"https:\/\/ixtaimpresiones.com\/wp-content\/uploads\/2025\/12\/oso-2.png\",\"width\":600,\"height\":600},{\"@type\":\"BreadcrumbList\",\"@id\":\"https:\/\/ixtaimpresiones.com\/?product=sudadera-para-osos-de-peluche-personalizada#breadcrumb\",\"itemListElement\":[{\"@type\":\"ListItem\",\"position\":1,\"name\":\"Portada\",\"item\":\"https:\/\/ixtaimpresiones.com\/\"},{\"@type\":\"ListItem\",\"position\":2,\"name\":\"Productos\",\"item\":\"https:\/\/ixtaimpresiones.com\/?page_id=572\"},{\"@type\":\"ListItem\",\"position\":3,\"name\":\"Sudadera para osos de peluche &#8211; personalizada\"}]},{\"@type\":\"WebSite\",\"@id\":\"https:\/\/ixtaimpresiones.com\/#website\",\"url\":\"https:\/\/ixtaimpresiones.com\/\",\"name\":\"Ixta Impresiones\",\"description\":\"\",\"publisher\":{\"@id\":\"https:\/\/ixtaimpresiones.com\/#organization\"},\"potentialAction\":[{\"@type\":\"SearchAction\",\"target\":{\"@type\":\"EntryPoint\",\"urlTemplate\":\"https:\/\/ixtaimpresiones.com\/?s={search_term_string}\"},\"query-input\":{\"@type\":\"PropertyValueSpecification\",\"valueRequired\":true,\"valueName\":\"search_term_string\"}}],\"inLanguage\":\"es\"},{\"@type\":\"Organization\",\"@id\":\"https:\/\/ixtaimpresiones.com\/#organization\",\"name\":\"Ixta Impresiones\",\"url\":\"https:\/\/ixtaimpresiones.com\/\",\"logo\":{\"@type\":\"ImageObject\",\"inLanguage\":\"es\",\"@id\":\"https:\/\/ixtaimpresiones.com\/#\/schema\/logo\/image\/\",\"url\":\"https:\/\/ixtaimpresiones.com\/wp-content\/uploads\/2025\/08\/LOGO-copyright.png\",\"contentUrl\":\"https:\/\/ixtaimpresiones.com\/wp-content\/uploads\/2025\/08\/LOGO-copyright.png\",\"width\":900,\"height\":900,\"caption\":\"Ixta Impresiones\"},\"image\":{\"@id\":\"https:\/\/ixtaimpresiones.com\/#\/schema\/logo\/image\/\"}}]}<\/script>\n<!-- \/ Yoast SEO plugin. -->","yoast_head_json":{"title":"Sudadera para osos de peluche - personalizada - Ixta Impresiones","robots":{"index":"index","follow":"follow","max-snippet":"max-snippet:-1","max-image-preview":"max-image-preview:large","max-video-preview":"max-video-preview:-1"},"canonical":"https:\/\/ixtaimpresiones.com\/?product=sudadera-para-osos-de-peluche-personalizada","og_locale":"es_ES","og_type":"article","og_title":"Sudadera para osos de peluche - personalizada - Ixta Impresiones","og_description":"Personaliza tus regalos con una sudadera capucha para oso personalizada, ideal para darle un toque especial a peluches. Perfecta para regalos infantiles o detalles con mensaje emocional para ocasiones importantes. La sudadera est\u00e1 elaborada en poli\u00e9ster 100% y se personaliza con impresi\u00f3n directa mediante sublimaci\u00f3n, permitiendo dise\u00f1os a todo color sin l\u00edmite. Puedes incluir fotograf\u00eda, frase, nombre, dibujo o el dise\u00f1o que t\u00fa elijas. Color: Blanco. Tama\u00f1o:Para oso de talla chica-mediana.Recomendado para peluches de 30 a 40 cm de altura. No incluye peluche. Aplicaciones:Regalo infantil para ni\u00f1os, regalo con mensaje especial para parejas, pedimento de novia, pedimento de matrimonio, regalo de San Valent\u00edn y regalo para cumplea\u00f1os. Comprar por WhatsApp","og_url":"https:\/\/ixtaimpresiones.com\/?product=sudadera-para-osos-de-peluche-personalizada","og_site_name":"Ixta Impresiones","og_image":[{"width":600,"height":600,"url":"https:\/\/ixtaimpresiones.com\/wp-content\/uploads\/2025\/12\/oso-2.png","type":"image\/png"}],"twitter_card":"summary_large_image","twitter_misc":{"Tiempo de lectura":"1 minuto"},"schema":{"@context":"https:\/\/schema.org","@graph":[{"@type":"WebPage","@id":"https:\/\/ixtaimpresiones.com\/?product=sudadera-para-osos-de-peluche-personalizada","url":"https:\/\/ixtaimpresiones.com\/?product=sudadera-para-osos-de-peluche-personalizada","name":"Sudadera para osos de peluche - personalizada - Ixta Impresiones","isPartOf":{"@id":"https:\/\/ixtaimpresiones.com\/#website"},"primaryImageOfPage":{"@id":"https:\/\/ixtaimpresiones.com\/?product=sudadera-para-osos-de-peluche-personalizada#primaryimage"},"image":{"@id":"https:\/\/ixtaimpresiones.com\/?product=sudadera-para-osos-de-peluche-personalizada#primaryimage"},"thumbnailUrl":"https:\/\/ixtaimpresiones.com\/wp-content\/uploads\/2025\/12\/oso-2.png","datePublished":"2025-12-31T00:12:51+00:00","breadcrumb":{"@id":"https:\/\/ixtaimpresiones.com\/?product=sudadera-para-osos-de-peluche-personalizada#breadcrumb"},"inLanguage":"es","potentialAction":[{"@type":"ReadAction","target":["https:\/\/ixtaimpresiones.com\/?product=sudadera-para-osos-de-peluche-personalizada"]}]},{"@type":"ImageObject","inLanguage":"es","@id":"https:\/\/ixtaimpresiones.com\/?product=sudadera-para-osos-de-peluche-personalizada#primaryimage","url":"https:\/\/ixtaimpresiones.com\/wp-content\/uploads\/2025\/12\/oso-2.png","contentUrl":"https:\/\/ixtaimpresiones.com\/wp-content\/uploads\/2025\/12\/oso-2.png","width":600,"height":600},{"@type":"BreadcrumbList","@id":"https:\/\/ixtaimpresiones.com\/?product=sudadera-para-osos-de-peluche-personalizada#breadcrumb","itemListElement":[{"@type":"ListItem","position":1,"name":"Portada","item":"https:\/\/ixtaimpresiones.com\/"},{"@type":"ListItem","position":2,"name":"Productos","item":"https:\/\/ixtaimpresiones.com\/?page_id=572"},{"@type":"ListItem","position":3,"name":"Sudadera para osos de peluche &#8211; personalizada"}]},{"@type":"WebSite","@id":"https:\/\/ixtaimpresiones.com\/#website","url":"https:\/\/ixtaimpresiones.com\/","name":"Ixta Impresiones","description":"","publisher":{"@id":"https:\/\/ixtaimpresiones.com\/#organization"},"potentialAction":[{"@type":"SearchAction","target":{"@type":"EntryPoint","urlTemplate":"https:\/\/ixtaimpresiones.com\/?s={search_term_string}"},"query-input":{"@type":"PropertyValueSpecification","valueRequired":true,"valueName":"search_term_string"}}],"inLanguage":"es"},{"@type":"Organization","@id":"https:\/\/ixtaimpresiones.com\/#organization","name":"Ixta Impresiones","url":"https:\/\/ixtaimpresiones.com\/","logo":{"@type":"ImageObject","inLanguage":"es","@id":"https:\/\/ixtaimpresiones.com\/#\/schema\/logo\/image\/","url":"https:\/\/ixtaimpresiones.com\/wp-content\/uploads\/2025\/08\/LOGO-copyright.png","contentUrl":"https:\/\/ixtaimpresiones.com\/wp-content\/uploads\/2025\/08\/LOGO-copyright.png","width":900,"height":900,"caption":"Ixta Impresiones"},"image":{"@id":"https:\/\/ixtaimpresiones.com\/#\/schema\/logo\/image\/"}}]}},"_links":{"self":[{"href":"https:\/\/ixtaimpresiones.com\/index.php?rest_route=\/wp\/v2\/product\/1126","targetHints":{"allow":["GET"]}}],"collection":[{"href":"https:\/\/ixtaimpresiones.com\/index.php?rest_route=\/wp\/v2\/product"}],"about":[{"href":"https:\/\/ixtaimpresiones.com\/index.php?rest_route=\/wp\/v2\/types\/product"}],"replies":[{"embeddable":true,"href":"https:\/\/ixtaimpresiones.com\/index.php?rest_route=%2Fwp%2Fv2%2Fcomments&post=1126"}],"wp:featuredmedia":[{"embeddable":true,"href":"https:\/\/ixtaimpresiones.com\/index.php?rest_route=\/wp\/v2\/media\/1127"}],"wp:attachment":[{"href":"https:\/\/ixtaimpresiones.com\/index.php?rest_route=%2Fwp%2Fv2%2Fmedia&parent=1126"}],"wp:term":[{"taxonomy":"product_brand","embeddable":true,"href":"https:\/\/ixtaimpresiones.com\/index.php?rest_route=%2Fwp%2Fv2%2Fproduct_brand&post=1126"},{"taxonomy":"product_cat","embeddable":true,"href":"https:\/\/ixtaimpresiones.com\/index.php?rest_route=%2Fwp%2Fv2%2Fproduct_cat&post=1126"},{"taxonomy":"product_tag","embeddable":true,"href":"https:\/\/ixtaimpresiones.com\/index.php?rest_route=%2Fwp%2Fv2%2Fproduct_tag&post=1126"}],"curies":[{"name":"wp","href":"https:\/\/api.w.org\/{rel}","templated":true}]}}