{"id":706,"date":"2025-07-16T15:36:56","date_gmt":"2025-07-16T15:36:56","guid":{"rendered":"https:\/\/ixtaimpresiones.com\/?post_type=product&#038;p=706"},"modified":"2025-12-29T15:42:18","modified_gmt":"2025-12-29T15:42:18","slug":"placa-para-perro-silueta-hueso-3x5-cm","status":"publish","type":"product","link":"https:\/\/ixtaimpresiones.com\/?product=placa-para-perro-silueta-hueso-3x5-cm","title":{"rendered":"Placa para Perro \u2013 Silueta Hueso 3&#215;5 cm"},"content":{"rendered":"<p data-start=\"165\" data-end=\"372\">Identifica a tu peludo con estilo y seguridad con nuestra <strong data-start=\"223\" data-end=\"264\">placa personalizada en forma de hueso<\/strong>, se entrega con su nombre y n\u00famero de contacto. Compacta, ligera y resistente, ideal para uso diario.<\/p>\n<ul data-start=\"374\" data-end=\"662\">\n<li data-start=\"374\" data-end=\"398\">\n<p data-start=\"376\" data-end=\"398\"><strong data-start=\"376\" data-end=\"387\">Tama\u00f1o:<\/strong> 3 x 5 cm<\/p>\n<\/li>\n<li data-start=\"399\" data-end=\"430\">\n<p data-start=\"401\" data-end=\"430\"><strong data-start=\"401\" data-end=\"411\">Forma:<\/strong> Silueta de hueso.<\/p>\n<\/li>\n<li data-start=\"431\" data-end=\"468\">\n<p data-start=\"433\" data-end=\"468\"><strong data-start=\"433\" data-end=\"446\">Material:<\/strong> acero inoxidable.<\/p>\n<\/li>\n<li data-start=\"469\" data-end=\"538\">\n<p data-start=\"471\" data-end=\"538\"><strong data-start=\"471\" data-end=\"491\">Personalizaci\u00f3n:<\/strong> Grabado l\u00e1ser, vinil, sublimaci\u00f3n (seg\u00fan disponibilidad).<\/p>\n<\/li>\n<li data-start=\"539\" data-end=\"594\">\n<p data-start=\"541\" data-end=\"594\"><strong data-start=\"541\" data-end=\"556\">Ideal para:<\/strong> Perros de raza grande y mediana.<\/p>\n<\/li>\n<\/ul>\n<p data-start=\"664\" data-end=\"725\">Incluye arillo met\u00e1lico para colocar f\u00e1cilmente en el collar.<\/p>\n<p data-start=\"727\" data-end=\"780\">\u00a1Un accesorio \u00fatil, seguro y con un toque de ternura!<\/p>\n","protected":false},"excerpt":{"rendered":"<p data-start=\"165\" data-end=\"372\">Identifica a tu peludo con estilo y seguridad con nuestra <strong data-start=\"223\" data-end=\"264\">placa personalizada en forma de hueso<\/strong>, se entrega con su nombre y n\u00famero de contacto. Compacta, ligera y resistente, ideal para uso diario.<\/p>\n<ul data-start=\"374\" data-end=\"662\">\n<li data-start=\"374\" data-end=\"398\">\n<p data-start=\"376\" data-end=\"398\"><strong data-start=\"376\" data-end=\"387\">Tama\u00f1o:<\/strong> 3 x 5 cm<\/p>\n<\/li>\n<li data-start=\"399\" data-end=\"430\">\n<p data-start=\"401\" data-end=\"430\"><strong data-start=\"401\" data-end=\"411\">Forma:<\/strong> Silueta de hueso.<\/p>\n<\/li>\n<li data-start=\"431\" data-end=\"468\">\n<p data-start=\"433\" data-end=\"468\"><strong data-start=\"433\" data-end=\"446\">Material:<\/strong> acero inoxidable.<\/p>\n<\/li>\n<li data-start=\"469\" data-end=\"538\">\n<p data-start=\"471\" data-end=\"538\"><strong data-start=\"471\" data-end=\"491\">Personalizaci\u00f3n:<\/strong> Grabado l\u00e1ser, vinil, sublimaci\u00f3n (seg\u00fan disponibilidad).<\/p>\n<\/li>\n<li data-start=\"539\" data-end=\"594\">\n<p data-start=\"541\" data-end=\"594\"><strong data-start=\"541\" data-end=\"556\">Ideal para:<\/strong> Perros de raza grande y mediana.<\/p>\n<\/li>\n<\/ul>\n<p data-start=\"664\" data-end=\"725\">Incluye arillo met\u00e1lico para colocar f\u00e1cilmente en el collar.<\/p>\n<p data-start=\"727\" data-end=\"780\">\u00a1Un accesorio \u00fatil, seguro y con un toque de ternura!<\/p>\n<p><a style=\"background: #25D366; color: #fff; padding: 12px 20px; border-radius: 6px; text-decoration: none;\" href=\"https:\/\/wa.me\/524493620594?text=Hola%2C%20me%20interesa%20comprar%20un%20art%C3%ADculo.\">Comprar por WhatsApp<br \/>\n<\/a><\/p>\n","protected":false},"featured_media":983,"comment_status":"open","ping_status":"closed","template":"","meta":[],"product_brand":[],"product_cat":[24],"product_tag":[34],"class_list":{"0":"post-706","1":"product","2":"type-product","3":"status-publish","4":"has-post-thumbnail","6":"product_cat-acero","7":"product_tag-curiosidades","9":"first","10":"instock","11":"shipping-taxable","12":"purchasable","13":"product-type-simple"},"yoast_head":"<!-- This site is optimized with the Yoast SEO plugin v25.4 - https:\/\/yoast.com\/wordpress\/plugins\/seo\/ -->\n<title>Placa para Perro \u2013 Silueta Hueso 3x5 cm - Ixta Impresiones<\/title>\n<meta name=\"robots\" content=\"index, follow, max-snippet:-1, max-image-preview:large, max-video-preview:-1\" \/>\n<link rel=\"canonical\" href=\"https:\/\/ixtaimpresiones.com\/?product=placa-para-perro-silueta-hueso-3x5-cm\" \/>\n<meta property=\"og:locale\" content=\"es_ES\" \/>\n<meta property=\"og:type\" content=\"article\" \/>\n<meta property=\"og:title\" content=\"Placa para Perro \u2013 Silueta Hueso 3x5 cm - Ixta Impresiones\" \/>\n<meta property=\"og:description\" content=\"Identifica a tu peludo con estilo y seguridad con nuestra placa personalizada en forma de hueso, se entrega con su nombre y n\u00famero de contacto. Compacta, ligera y resistente, ideal para uso diario.     Tama\u00f1o: 3 x 5 cm    Forma: Silueta de hueso.    Material: acero inoxidable.    Personalizaci\u00f3n: Grabado l\u00e1ser, vinil, sublimaci\u00f3n (seg\u00fan disponibilidad).    Ideal para: Perros de raza grande y mediana.   Incluye arillo met\u00e1lico para colocar f\u00e1cilmente en el collar. \u00a1Un accesorio \u00fatil, seguro y con un toque de ternura! Comprar por WhatsApp\" \/>\n<meta property=\"og:url\" content=\"https:\/\/ixtaimpresiones.com\/?product=placa-para-perro-silueta-hueso-3x5-cm\" \/>\n<meta property=\"og:site_name\" content=\"Ixta Impresiones\" \/>\n<meta property=\"article:modified_time\" content=\"2025-12-29T15:42:18+00:00\" \/>\n<meta property=\"og:image\" content=\"https:\/\/ixtaimpresiones.com\/wp-content\/uploads\/2025\/07\/Sin-titulo-1-4.png\" \/>\n\t<meta property=\"og:image:width\" content=\"1024\" \/>\n\t<meta property=\"og:image:height\" content=\"1024\" \/>\n\t<meta property=\"og:image:type\" content=\"image\/png\" \/>\n<meta name=\"twitter:card\" content=\"summary_large_image\" \/>\n<meta name=\"twitter:label1\" content=\"Tiempo de lectura\" \/>\n\t<meta name=\"twitter:data1\" content=\"1 minuto\" \/>\n<script type=\"application\/ld+json\" class=\"yoast-schema-graph\">{\"@context\":\"https:\/\/schema.org\",\"@graph\":[{\"@type\":\"WebPage\",\"@id\":\"https:\/\/ixtaimpresiones.com\/?product=placa-para-perro-silueta-hueso-3x5-cm\",\"url\":\"https:\/\/ixtaimpresiones.com\/?product=placa-para-perro-silueta-hueso-3x5-cm\",\"name\":\"Placa para Perro \u2013 Silueta Hueso 3x5 cm - Ixta Impresiones\",\"isPartOf\":{\"@id\":\"https:\/\/ixtaimpresiones.com\/#website\"},\"primaryImageOfPage\":{\"@id\":\"https:\/\/ixtaimpresiones.com\/?product=placa-para-perro-silueta-hueso-3x5-cm#primaryimage\"},\"image\":{\"@id\":\"https:\/\/ixtaimpresiones.com\/?product=placa-para-perro-silueta-hueso-3x5-cm#primaryimage\"},\"thumbnailUrl\":\"https:\/\/ixtaimpresiones.com\/wp-content\/uploads\/2025\/07\/Sin-titulo-1-4.png\",\"datePublished\":\"2025-07-16T15:36:56+00:00\",\"dateModified\":\"2025-12-29T15:42:18+00:00\",\"breadcrumb\":{\"@id\":\"https:\/\/ixtaimpresiones.com\/?product=placa-para-perro-silueta-hueso-3x5-cm#breadcrumb\"},\"inLanguage\":\"es\",\"potentialAction\":[{\"@type\":\"ReadAction\",\"target\":[\"https:\/\/ixtaimpresiones.com\/?product=placa-para-perro-silueta-hueso-3x5-cm\"]}]},{\"@type\":\"ImageObject\",\"inLanguage\":\"es\",\"@id\":\"https:\/\/ixtaimpresiones.com\/?product=placa-para-perro-silueta-hueso-3x5-cm#primaryimage\",\"url\":\"https:\/\/ixtaimpresiones.com\/wp-content\/uploads\/2025\/07\/Sin-titulo-1-4.png\",\"contentUrl\":\"https:\/\/ixtaimpresiones.com\/wp-content\/uploads\/2025\/07\/Sin-titulo-1-4.png\",\"width\":1024,\"height\":1024},{\"@type\":\"BreadcrumbList\",\"@id\":\"https:\/\/ixtaimpresiones.com\/?product=placa-para-perro-silueta-hueso-3x5-cm#breadcrumb\",\"itemListElement\":[{\"@type\":\"ListItem\",\"position\":1,\"name\":\"Portada\",\"item\":\"https:\/\/ixtaimpresiones.com\/\"},{\"@type\":\"ListItem\",\"position\":2,\"name\":\"Productos\",\"item\":\"https:\/\/ixtaimpresiones.com\/?page_id=572\"},{\"@type\":\"ListItem\",\"position\":3,\"name\":\"Placa para Perro \u2013 Silueta Hueso 3&#215;5 cm\"}]},{\"@type\":\"WebSite\",\"@id\":\"https:\/\/ixtaimpresiones.com\/#website\",\"url\":\"https:\/\/ixtaimpresiones.com\/\",\"name\":\"Ixta Impresiones\",\"description\":\"\",\"publisher\":{\"@id\":\"https:\/\/ixtaimpresiones.com\/#organization\"},\"potentialAction\":[{\"@type\":\"SearchAction\",\"target\":{\"@type\":\"EntryPoint\",\"urlTemplate\":\"https:\/\/ixtaimpresiones.com\/?s={search_term_string}\"},\"query-input\":{\"@type\":\"PropertyValueSpecification\",\"valueRequired\":true,\"valueName\":\"search_term_string\"}}],\"inLanguage\":\"es\"},{\"@type\":\"Organization\",\"@id\":\"https:\/\/ixtaimpresiones.com\/#organization\",\"name\":\"Ixta Impresiones\",\"url\":\"https:\/\/ixtaimpresiones.com\/\",\"logo\":{\"@type\":\"ImageObject\",\"inLanguage\":\"es\",\"@id\":\"https:\/\/ixtaimpresiones.com\/#\/schema\/logo\/image\/\",\"url\":\"https:\/\/ixtaimpresiones.com\/wp-content\/uploads\/2025\/08\/LOGO-copyright.png\",\"contentUrl\":\"https:\/\/ixtaimpresiones.com\/wp-content\/uploads\/2025\/08\/LOGO-copyright.png\",\"width\":900,\"height\":900,\"caption\":\"Ixta Impresiones\"},\"image\":{\"@id\":\"https:\/\/ixtaimpresiones.com\/#\/schema\/logo\/image\/\"}}]}<\/script>\n<!-- \/ Yoast SEO plugin. -->","yoast_head_json":{"title":"Placa para Perro \u2013 Silueta Hueso 3x5 cm - Ixta Impresiones","robots":{"index":"index","follow":"follow","max-snippet":"max-snippet:-1","max-image-preview":"max-image-preview:large","max-video-preview":"max-video-preview:-1"},"canonical":"https:\/\/ixtaimpresiones.com\/?product=placa-para-perro-silueta-hueso-3x5-cm","og_locale":"es_ES","og_type":"article","og_title":"Placa para Perro \u2013 Silueta Hueso 3x5 cm - Ixta Impresiones","og_description":"Identifica a tu peludo con estilo y seguridad con nuestra placa personalizada en forma de hueso, se entrega con su nombre y n\u00famero de contacto. Compacta, ligera y resistente, ideal para uso diario.     Tama\u00f1o: 3 x 5 cm    Forma: Silueta de hueso.    Material: acero inoxidable.    Personalizaci\u00f3n: Grabado l\u00e1ser, vinil, sublimaci\u00f3n (seg\u00fan disponibilidad).    Ideal para: Perros de raza grande y mediana.   Incluye arillo met\u00e1lico para colocar f\u00e1cilmente en el collar. \u00a1Un accesorio \u00fatil, seguro y con un toque de ternura! Comprar por WhatsApp","og_url":"https:\/\/ixtaimpresiones.com\/?product=placa-para-perro-silueta-hueso-3x5-cm","og_site_name":"Ixta Impresiones","article_modified_time":"2025-12-29T15:42:18+00:00","og_image":[{"width":1024,"height":1024,"url":"https:\/\/ixtaimpresiones.com\/wp-content\/uploads\/2025\/07\/Sin-titulo-1-4.png","type":"image\/png"}],"twitter_card":"summary_large_image","twitter_misc":{"Tiempo de lectura":"1 minuto"},"schema":{"@context":"https:\/\/schema.org","@graph":[{"@type":"WebPage","@id":"https:\/\/ixtaimpresiones.com\/?product=placa-para-perro-silueta-hueso-3x5-cm","url":"https:\/\/ixtaimpresiones.com\/?product=placa-para-perro-silueta-hueso-3x5-cm","name":"Placa para Perro \u2013 Silueta Hueso 3x5 cm - Ixta Impresiones","isPartOf":{"@id":"https:\/\/ixtaimpresiones.com\/#website"},"primaryImageOfPage":{"@id":"https:\/\/ixtaimpresiones.com\/?product=placa-para-perro-silueta-hueso-3x5-cm#primaryimage"},"image":{"@id":"https:\/\/ixtaimpresiones.com\/?product=placa-para-perro-silueta-hueso-3x5-cm#primaryimage"},"thumbnailUrl":"https:\/\/ixtaimpresiones.com\/wp-content\/uploads\/2025\/07\/Sin-titulo-1-4.png","datePublished":"2025-07-16T15:36:56+00:00","dateModified":"2025-12-29T15:42:18+00:00","breadcrumb":{"@id":"https:\/\/ixtaimpresiones.com\/?product=placa-para-perro-silueta-hueso-3x5-cm#breadcrumb"},"inLanguage":"es","potentialAction":[{"@type":"ReadAction","target":["https:\/\/ixtaimpresiones.com\/?product=placa-para-perro-silueta-hueso-3x5-cm"]}]},{"@type":"ImageObject","inLanguage":"es","@id":"https:\/\/ixtaimpresiones.com\/?product=placa-para-perro-silueta-hueso-3x5-cm#primaryimage","url":"https:\/\/ixtaimpresiones.com\/wp-content\/uploads\/2025\/07\/Sin-titulo-1-4.png","contentUrl":"https:\/\/ixtaimpresiones.com\/wp-content\/uploads\/2025\/07\/Sin-titulo-1-4.png","width":1024,"height":1024},{"@type":"BreadcrumbList","@id":"https:\/\/ixtaimpresiones.com\/?product=placa-para-perro-silueta-hueso-3x5-cm#breadcrumb","itemListElement":[{"@type":"ListItem","position":1,"name":"Portada","item":"https:\/\/ixtaimpresiones.com\/"},{"@type":"ListItem","position":2,"name":"Productos","item":"https:\/\/ixtaimpresiones.com\/?page_id=572"},{"@type":"ListItem","position":3,"name":"Placa para Perro \u2013 Silueta Hueso 3&#215;5 cm"}]},{"@type":"WebSite","@id":"https:\/\/ixtaimpresiones.com\/#website","url":"https:\/\/ixtaimpresiones.com\/","name":"Ixta Impresiones","description":"","publisher":{"@id":"https:\/\/ixtaimpresiones.com\/#organization"},"potentialAction":[{"@type":"SearchAction","target":{"@type":"EntryPoint","urlTemplate":"https:\/\/ixtaimpresiones.com\/?s={search_term_string}"},"query-input":{"@type":"PropertyValueSpecification","valueRequired":true,"valueName":"search_term_string"}}],"inLanguage":"es"},{"@type":"Organization","@id":"https:\/\/ixtaimpresiones.com\/#organization","name":"Ixta Impresiones","url":"https:\/\/ixtaimpresiones.com\/","logo":{"@type":"ImageObject","inLanguage":"es","@id":"https:\/\/ixtaimpresiones.com\/#\/schema\/logo\/image\/","url":"https:\/\/ixtaimpresiones.com\/wp-content\/uploads\/2025\/08\/LOGO-copyright.png","contentUrl":"https:\/\/ixtaimpresiones.com\/wp-content\/uploads\/2025\/08\/LOGO-copyright.png","width":900,"height":900,"caption":"Ixta Impresiones"},"image":{"@id":"https:\/\/ixtaimpresiones.com\/#\/schema\/logo\/image\/"}}]}},"_links":{"self":[{"href":"https:\/\/ixtaimpresiones.com\/index.php?rest_route=\/wp\/v2\/product\/706","targetHints":{"allow":["GET"]}}],"collection":[{"href":"https:\/\/ixtaimpresiones.com\/index.php?rest_route=\/wp\/v2\/product"}],"about":[{"href":"https:\/\/ixtaimpresiones.com\/index.php?rest_route=\/wp\/v2\/types\/product"}],"replies":[{"embeddable":true,"href":"https:\/\/ixtaimpresiones.com\/index.php?rest_route=%2Fwp%2Fv2%2Fcomments&post=706"}],"wp:featuredmedia":[{"embeddable":true,"href":"https:\/\/ixtaimpresiones.com\/index.php?rest_route=\/wp\/v2\/media\/983"}],"wp:attachment":[{"href":"https:\/\/ixtaimpresiones.com\/index.php?rest_route=%2Fwp%2Fv2%2Fmedia&parent=706"}],"wp:term":[{"taxonomy":"product_brand","embeddable":true,"href":"https:\/\/ixtaimpresiones.com\/index.php?rest_route=%2Fwp%2Fv2%2Fproduct_brand&post=706"},{"taxonomy":"product_cat","embeddable":true,"href":"https:\/\/ixtaimpresiones.com\/index.php?rest_route=%2Fwp%2Fv2%2Fproduct_cat&post=706"},{"taxonomy":"product_tag","embeddable":true,"href":"https:\/\/ixtaimpresiones.com\/index.php?rest_route=%2Fwp%2Fv2%2Fproduct_tag&post=706"}],"curies":[{"name":"wp","href":"https:\/\/api.w.org\/{rel}","templated":true}]}}