{"id":938,"date":"2025-08-09T05:17:03","date_gmt":"2025-08-09T05:17:03","guid":{"rendered":"https:\/\/ixtaimpresiones.com\/?post_type=product&#038;p=938"},"modified":"2025-12-29T15:20:01","modified_gmt":"2025-12-29T15:20:01","slug":"reloj-de-pared-personalizado-mdf-20-cm-circular-o-cuadrado","status":"publish","type":"product","link":"https:\/\/ixtaimpresiones.com\/?product=reloj-de-pared-personalizado-mdf-20-cm-circular-o-cuadrado","title":{"rendered":"Reloj de pared personalizado \u2013 Collage de 12 fotos"},"content":{"rendered":"<p data-start=\"396\" data-end=\"721\">Decora tus espacios y mantente siempre a tiempo con un toque \u00fanico.<br data-start=\"505\" data-end=\"508\" \/>Nuestro <strong data-start=\"516\" data-end=\"541\">reloj de pared en MDF<\/strong> est\u00e1 disponible en forma cuadrada, con impresi\u00f3n personalizada para adaptarse a tu estilo. Perfecto para regalar.<\/p>\n<ul data-start=\"723\" data-end=\"1083\">\n<li data-start=\"723\" data-end=\"771\">\n<p data-start=\"725\" data-end=\"771\"><strong data-start=\"725\" data-end=\"738\">Material:<\/strong> MDF resistente de alta calidad.<\/p>\n<\/li>\n<li data-start=\"772\" data-end=\"812\">\n<p data-start=\"774\" data-end=\"812\"><strong data-start=\"774\" data-end=\"785\">Tama\u00f1o:<\/strong> 30 cm de di\u00e1metro aprox.<\/p>\n<\/li>\n<li data-start=\"813\" data-end=\"860\">\n<p data-start=\"815\" data-end=\"860\"><strong data-start=\"815\" data-end=\"838\">Formas disponibles:<\/strong> Cuadrado.<\/p>\n<\/li>\n<li data-start=\"861\" data-end=\"940\">\n<p data-start=\"863\" data-end=\"940\"><strong data-start=\"863\" data-end=\"883\">Personalizaci\u00f3n:<\/strong> Fotos, ilustraciones o dise\u00f1os a todo color.<\/p>\n<\/li>\n<li data-start=\"941\" data-end=\"1015\">\n<p data-start=\"943\" data-end=\"1015\"><strong data-start=\"943\" data-end=\"955\">T\u00e9cnica:<\/strong> Corte l\u00e1ser, impresi\u00f3n CMYK l\u00e1ser, full color, colores vivos y duraderos.<\/p>\n<\/li>\n<li data-start=\"1016\" data-end=\"1083\">\n<p data-start=\"1018\" data-end=\"1083\"><strong data-start=\"1018\" data-end=\"1030\">Incluye:<\/strong> Mecanismo de reloj y manecillas montadas.<\/p>\n<\/li>\n<\/ul>\n","protected":false},"excerpt":{"rendered":"<p data-start=\"396\" data-end=\"721\">Decora tus espacios y mantente siempre a tiempo con un toque \u00fanico.<br data-start=\"505\" data-end=\"508\" \/>Nuestro <strong data-start=\"516\" data-end=\"541\">reloj de pared en MDF<\/strong> est\u00e1 disponible en forma cuadrada, con impresi\u00f3n personalizada para adaptarse a tu estilo. Perfecto para regalar.<\/p>\n<ul data-start=\"723\" data-end=\"1083\">\n<li data-start=\"723\" data-end=\"771\">\n<p data-start=\"725\" data-end=\"771\"><strong data-start=\"725\" data-end=\"738\">Material:<\/strong> MDF resistente de alta calidad.<\/p>\n<\/li>\n<li data-start=\"772\" data-end=\"812\">\n<p data-start=\"774\" data-end=\"812\"><strong data-start=\"774\" data-end=\"785\">Tama\u00f1o:<\/strong> 30 cm de di\u00e1metro aprox.<\/p>\n<\/li>\n<li data-start=\"813\" data-end=\"860\">\n<p data-start=\"815\" data-end=\"860\"><strong data-start=\"815\" data-end=\"838\">Formas disponibles:<\/strong> Cuadrado.<\/p>\n<\/li>\n<li data-start=\"861\" data-end=\"940\">\n<p data-start=\"863\" data-end=\"940\"><strong data-start=\"863\" data-end=\"883\">Personalizaci\u00f3n:<\/strong> Fotos, ilustraciones o dise\u00f1os a todo color.<\/p>\n<\/li>\n<li data-start=\"941\" data-end=\"1015\">\n<p data-start=\"943\" data-end=\"1015\"><strong data-start=\"943\" data-end=\"955\">T\u00e9cnica:<\/strong> Corte l\u00e1ser, impresi\u00f3n CMYK l\u00e1ser, full color, colores vivos y duraderos.<\/p>\n<\/li>\n<li data-start=\"1016\" data-end=\"1083\">\n<p data-start=\"1018\" data-end=\"1083\"><strong data-start=\"1018\" data-end=\"1030\">Incluye:<\/strong> Mecanismo de reloj y manecillas montadas.<\/p>\n<\/li>\n<\/ul>\n<p><a style=\"background: #25D366; color: #fff; padding: 12px 20px; border-radius: 6px; text-decoration: none;\" href=\"https:\/\/wa.me\/524493620594?text=Hola%2C%20me%20interesa%20comprar%20un%20art%C3%ADculo.\">Comprar por WhatsApp<br \/>\n<\/a><\/p>\n","protected":false},"featured_media":984,"comment_status":"open","ping_status":"closed","template":"","meta":[],"product_brand":[],"product_cat":[30],"product_tag":[43,45],"class_list":{"0":"post-938","1":"product","2":"type-product","3":"status-publish","4":"has-post-thumbnail","6":"product_cat-mdf","7":"product_tag-para-hombres","8":"product_tag-para-parejas","10":"first","11":"instock","12":"shipping-taxable","13":"purchasable","14":"product-type-simple"},"yoast_head":"<!-- This site is optimized with the Yoast SEO plugin v25.4 - https:\/\/yoast.com\/wordpress\/plugins\/seo\/ -->\n<title>Reloj de pared personalizado \u2013 Collage de 12 fotos - Ixta Impresiones<\/title>\n<meta name=\"robots\" content=\"index, follow, max-snippet:-1, max-image-preview:large, max-video-preview:-1\" \/>\n<link rel=\"canonical\" href=\"https:\/\/ixtaimpresiones.com\/?product=reloj-de-pared-personalizado-mdf-20-cm-circular-o-cuadrado\" \/>\n<meta property=\"og:locale\" content=\"es_ES\" \/>\n<meta property=\"og:type\" content=\"article\" \/>\n<meta property=\"og:title\" content=\"Reloj de pared personalizado \u2013 Collage de 12 fotos - Ixta Impresiones\" \/>\n<meta property=\"og:description\" content=\"Decora tus espacios y mantente siempre a tiempo con un toque \u00fanico.Nuestro reloj de pared en MDF est\u00e1 disponible en forma cuadrada, con impresi\u00f3n personalizada para adaptarse a tu estilo. Perfecto para regalar.     Material: MDF resistente de alta calidad.    Tama\u00f1o: 30 cm de di\u00e1metro aprox.    Formas disponibles: Cuadrado.    Personalizaci\u00f3n: Fotos, ilustraciones o dise\u00f1os a todo color.    T\u00e9cnica: Corte l\u00e1ser, impresi\u00f3n CMYK l\u00e1ser, full color, colores vivos y duraderos.    Incluye: Mecanismo de reloj y manecillas montadas.   Comprar por WhatsApp\" \/>\n<meta property=\"og:url\" content=\"https:\/\/ixtaimpresiones.com\/?product=reloj-de-pared-personalizado-mdf-20-cm-circular-o-cuadrado\" \/>\n<meta property=\"og:site_name\" content=\"Ixta Impresiones\" \/>\n<meta property=\"article:modified_time\" content=\"2025-12-29T15:20:01+00:00\" \/>\n<meta property=\"og:image\" content=\"https:\/\/ixtaimpresiones.com\/wp-content\/uploads\/2025\/08\/Sin-titulo-1.png\" \/>\n\t<meta property=\"og:image:width\" content=\"1024\" \/>\n\t<meta property=\"og:image:height\" content=\"1024\" \/>\n\t<meta property=\"og:image:type\" content=\"image\/png\" \/>\n<meta name=\"twitter:card\" content=\"summary_large_image\" \/>\n<meta name=\"twitter:label1\" content=\"Tiempo de lectura\" \/>\n\t<meta name=\"twitter:data1\" content=\"1 minuto\" \/>\n<script type=\"application\/ld+json\" class=\"yoast-schema-graph\">{\"@context\":\"https:\/\/schema.org\",\"@graph\":[{\"@type\":\"WebPage\",\"@id\":\"https:\/\/ixtaimpresiones.com\/?product=reloj-de-pared-personalizado-mdf-20-cm-circular-o-cuadrado\",\"url\":\"https:\/\/ixtaimpresiones.com\/?product=reloj-de-pared-personalizado-mdf-20-cm-circular-o-cuadrado\",\"name\":\"Reloj de pared personalizado \u2013 Collage de 12 fotos - Ixta Impresiones\",\"isPartOf\":{\"@id\":\"https:\/\/ixtaimpresiones.com\/#website\"},\"primaryImageOfPage\":{\"@id\":\"https:\/\/ixtaimpresiones.com\/?product=reloj-de-pared-personalizado-mdf-20-cm-circular-o-cuadrado#primaryimage\"},\"image\":{\"@id\":\"https:\/\/ixtaimpresiones.com\/?product=reloj-de-pared-personalizado-mdf-20-cm-circular-o-cuadrado#primaryimage\"},\"thumbnailUrl\":\"https:\/\/ixtaimpresiones.com\/wp-content\/uploads\/2025\/08\/Sin-titulo-1.png\",\"datePublished\":\"2025-08-09T05:17:03+00:00\",\"dateModified\":\"2025-12-29T15:20:01+00:00\",\"breadcrumb\":{\"@id\":\"https:\/\/ixtaimpresiones.com\/?product=reloj-de-pared-personalizado-mdf-20-cm-circular-o-cuadrado#breadcrumb\"},\"inLanguage\":\"es\",\"potentialAction\":[{\"@type\":\"ReadAction\",\"target\":[\"https:\/\/ixtaimpresiones.com\/?product=reloj-de-pared-personalizado-mdf-20-cm-circular-o-cuadrado\"]}]},{\"@type\":\"ImageObject\",\"inLanguage\":\"es\",\"@id\":\"https:\/\/ixtaimpresiones.com\/?product=reloj-de-pared-personalizado-mdf-20-cm-circular-o-cuadrado#primaryimage\",\"url\":\"https:\/\/ixtaimpresiones.com\/wp-content\/uploads\/2025\/08\/Sin-titulo-1.png\",\"contentUrl\":\"https:\/\/ixtaimpresiones.com\/wp-content\/uploads\/2025\/08\/Sin-titulo-1.png\",\"width\":1024,\"height\":1024},{\"@type\":\"BreadcrumbList\",\"@id\":\"https:\/\/ixtaimpresiones.com\/?product=reloj-de-pared-personalizado-mdf-20-cm-circular-o-cuadrado#breadcrumb\",\"itemListElement\":[{\"@type\":\"ListItem\",\"position\":1,\"name\":\"Portada\",\"item\":\"https:\/\/ixtaimpresiones.com\/\"},{\"@type\":\"ListItem\",\"position\":2,\"name\":\"Productos\",\"item\":\"https:\/\/ixtaimpresiones.com\/?page_id=572\"},{\"@type\":\"ListItem\",\"position\":3,\"name\":\"Reloj de pared personalizado \u2013 Collage de 12 fotos\"}]},{\"@type\":\"WebSite\",\"@id\":\"https:\/\/ixtaimpresiones.com\/#website\",\"url\":\"https:\/\/ixtaimpresiones.com\/\",\"name\":\"Ixta Impresiones\",\"description\":\"\",\"publisher\":{\"@id\":\"https:\/\/ixtaimpresiones.com\/#organization\"},\"potentialAction\":[{\"@type\":\"SearchAction\",\"target\":{\"@type\":\"EntryPoint\",\"urlTemplate\":\"https:\/\/ixtaimpresiones.com\/?s={search_term_string}\"},\"query-input\":{\"@type\":\"PropertyValueSpecification\",\"valueRequired\":true,\"valueName\":\"search_term_string\"}}],\"inLanguage\":\"es\"},{\"@type\":\"Organization\",\"@id\":\"https:\/\/ixtaimpresiones.com\/#organization\",\"name\":\"Ixta Impresiones\",\"url\":\"https:\/\/ixtaimpresiones.com\/\",\"logo\":{\"@type\":\"ImageObject\",\"inLanguage\":\"es\",\"@id\":\"https:\/\/ixtaimpresiones.com\/#\/schema\/logo\/image\/\",\"url\":\"https:\/\/ixtaimpresiones.com\/wp-content\/uploads\/2025\/08\/LOGO-copyright.png\",\"contentUrl\":\"https:\/\/ixtaimpresiones.com\/wp-content\/uploads\/2025\/08\/LOGO-copyright.png\",\"width\":900,\"height\":900,\"caption\":\"Ixta Impresiones\"},\"image\":{\"@id\":\"https:\/\/ixtaimpresiones.com\/#\/schema\/logo\/image\/\"}}]}<\/script>\n<!-- \/ Yoast SEO plugin. -->","yoast_head_json":{"title":"Reloj de pared personalizado \u2013 Collage de 12 fotos - Ixta Impresiones","robots":{"index":"index","follow":"follow","max-snippet":"max-snippet:-1","max-image-preview":"max-image-preview:large","max-video-preview":"max-video-preview:-1"},"canonical":"https:\/\/ixtaimpresiones.com\/?product=reloj-de-pared-personalizado-mdf-20-cm-circular-o-cuadrado","og_locale":"es_ES","og_type":"article","og_title":"Reloj de pared personalizado \u2013 Collage de 12 fotos - Ixta Impresiones","og_description":"Decora tus espacios y mantente siempre a tiempo con un toque \u00fanico.Nuestro reloj de pared en MDF est\u00e1 disponible en forma cuadrada, con impresi\u00f3n personalizada para adaptarse a tu estilo. Perfecto para regalar.     Material: MDF resistente de alta calidad.    Tama\u00f1o: 30 cm de di\u00e1metro aprox.    Formas disponibles: Cuadrado.    Personalizaci\u00f3n: Fotos, ilustraciones o dise\u00f1os a todo color.    T\u00e9cnica: Corte l\u00e1ser, impresi\u00f3n CMYK l\u00e1ser, full color, colores vivos y duraderos.    Incluye: Mecanismo de reloj y manecillas montadas.   Comprar por WhatsApp","og_url":"https:\/\/ixtaimpresiones.com\/?product=reloj-de-pared-personalizado-mdf-20-cm-circular-o-cuadrado","og_site_name":"Ixta Impresiones","article_modified_time":"2025-12-29T15:20:01+00:00","og_image":[{"width":1024,"height":1024,"url":"https:\/\/ixtaimpresiones.com\/wp-content\/uploads\/2025\/08\/Sin-titulo-1.png","type":"image\/png"}],"twitter_card":"summary_large_image","twitter_misc":{"Tiempo de lectura":"1 minuto"},"schema":{"@context":"https:\/\/schema.org","@graph":[{"@type":"WebPage","@id":"https:\/\/ixtaimpresiones.com\/?product=reloj-de-pared-personalizado-mdf-20-cm-circular-o-cuadrado","url":"https:\/\/ixtaimpresiones.com\/?product=reloj-de-pared-personalizado-mdf-20-cm-circular-o-cuadrado","name":"Reloj de pared personalizado \u2013 Collage de 12 fotos - Ixta Impresiones","isPartOf":{"@id":"https:\/\/ixtaimpresiones.com\/#website"},"primaryImageOfPage":{"@id":"https:\/\/ixtaimpresiones.com\/?product=reloj-de-pared-personalizado-mdf-20-cm-circular-o-cuadrado#primaryimage"},"image":{"@id":"https:\/\/ixtaimpresiones.com\/?product=reloj-de-pared-personalizado-mdf-20-cm-circular-o-cuadrado#primaryimage"},"thumbnailUrl":"https:\/\/ixtaimpresiones.com\/wp-content\/uploads\/2025\/08\/Sin-titulo-1.png","datePublished":"2025-08-09T05:17:03+00:00","dateModified":"2025-12-29T15:20:01+00:00","breadcrumb":{"@id":"https:\/\/ixtaimpresiones.com\/?product=reloj-de-pared-personalizado-mdf-20-cm-circular-o-cuadrado#breadcrumb"},"inLanguage":"es","potentialAction":[{"@type":"ReadAction","target":["https:\/\/ixtaimpresiones.com\/?product=reloj-de-pared-personalizado-mdf-20-cm-circular-o-cuadrado"]}]},{"@type":"ImageObject","inLanguage":"es","@id":"https:\/\/ixtaimpresiones.com\/?product=reloj-de-pared-personalizado-mdf-20-cm-circular-o-cuadrado#primaryimage","url":"https:\/\/ixtaimpresiones.com\/wp-content\/uploads\/2025\/08\/Sin-titulo-1.png","contentUrl":"https:\/\/ixtaimpresiones.com\/wp-content\/uploads\/2025\/08\/Sin-titulo-1.png","width":1024,"height":1024},{"@type":"BreadcrumbList","@id":"https:\/\/ixtaimpresiones.com\/?product=reloj-de-pared-personalizado-mdf-20-cm-circular-o-cuadrado#breadcrumb","itemListElement":[{"@type":"ListItem","position":1,"name":"Portada","item":"https:\/\/ixtaimpresiones.com\/"},{"@type":"ListItem","position":2,"name":"Productos","item":"https:\/\/ixtaimpresiones.com\/?page_id=572"},{"@type":"ListItem","position":3,"name":"Reloj de pared personalizado \u2013 Collage de 12 fotos"}]},{"@type":"WebSite","@id":"https:\/\/ixtaimpresiones.com\/#website","url":"https:\/\/ixtaimpresiones.com\/","name":"Ixta Impresiones","description":"","publisher":{"@id":"https:\/\/ixtaimpresiones.com\/#organization"},"potentialAction":[{"@type":"SearchAction","target":{"@type":"EntryPoint","urlTemplate":"https:\/\/ixtaimpresiones.com\/?s={search_term_string}"},"query-input":{"@type":"PropertyValueSpecification","valueRequired":true,"valueName":"search_term_string"}}],"inLanguage":"es"},{"@type":"Organization","@id":"https:\/\/ixtaimpresiones.com\/#organization","name":"Ixta Impresiones","url":"https:\/\/ixtaimpresiones.com\/","logo":{"@type":"ImageObject","inLanguage":"es","@id":"https:\/\/ixtaimpresiones.com\/#\/schema\/logo\/image\/","url":"https:\/\/ixtaimpresiones.com\/wp-content\/uploads\/2025\/08\/LOGO-copyright.png","contentUrl":"https:\/\/ixtaimpresiones.com\/wp-content\/uploads\/2025\/08\/LOGO-copyright.png","width":900,"height":900,"caption":"Ixta Impresiones"},"image":{"@id":"https:\/\/ixtaimpresiones.com\/#\/schema\/logo\/image\/"}}]}},"_links":{"self":[{"href":"https:\/\/ixtaimpresiones.com\/index.php?rest_route=\/wp\/v2\/product\/938","targetHints":{"allow":["GET"]}}],"collection":[{"href":"https:\/\/ixtaimpresiones.com\/index.php?rest_route=\/wp\/v2\/product"}],"about":[{"href":"https:\/\/ixtaimpresiones.com\/index.php?rest_route=\/wp\/v2\/types\/product"}],"replies":[{"embeddable":true,"href":"https:\/\/ixtaimpresiones.com\/index.php?rest_route=%2Fwp%2Fv2%2Fcomments&post=938"}],"wp:featuredmedia":[{"embeddable":true,"href":"https:\/\/ixtaimpresiones.com\/index.php?rest_route=\/wp\/v2\/media\/984"}],"wp:attachment":[{"href":"https:\/\/ixtaimpresiones.com\/index.php?rest_route=%2Fwp%2Fv2%2Fmedia&parent=938"}],"wp:term":[{"taxonomy":"product_brand","embeddable":true,"href":"https:\/\/ixtaimpresiones.com\/index.php?rest_route=%2Fwp%2Fv2%2Fproduct_brand&post=938"},{"taxonomy":"product_cat","embeddable":true,"href":"https:\/\/ixtaimpresiones.com\/index.php?rest_route=%2Fwp%2Fv2%2Fproduct_cat&post=938"},{"taxonomy":"product_tag","embeddable":true,"href":"https:\/\/ixtaimpresiones.com\/index.php?rest_route=%2Fwp%2Fv2%2Fproduct_tag&post=938"}],"curies":[{"name":"wp","href":"https:\/\/api.w.org\/{rel}","templated":true}]}}