{"id":960,"date":"2025-08-10T01:09:17","date_gmt":"2025-08-10T01:09:17","guid":{"rendered":"https:\/\/ixtaimpresiones.com\/?post_type=product&#038;p=960"},"modified":"2025-12-29T15:15:28","modified_gmt":"2025-12-29T15:15:28","slug":"botella-personalizada-sublimada-750-ml","status":"publish","type":"product","link":"https:\/\/ixtaimpresiones.com\/?product=botella-personalizada-sublimada-750-ml","title":{"rendered":"Botella termo personalizada con foto \u2013 750 ml"},"content":{"rendered":"<p data-start=\"355\" data-end=\"668\">Lleva tu bebida favorita siempre contigo con nuestra <strong data-start=\"450\" data-end=\"495\">botella personalizada de 750 ml<\/strong>. Fabricada con materiales resistentes y acabados vibrantes gracias a la sublimaci\u00f3n, es ideal para mantenerte hidratado mientras muestras un dise\u00f1o \u00fanico y personalizado.<\/p>\n<ul data-start=\"670\" data-end=\"978\">\n<li data-start=\"670\" data-end=\"730\">\n<p data-start=\"672\" data-end=\"730\"><strong data-start=\"672\" data-end=\"685\">Material: <\/strong>Aluminio<\/p>\n<\/li>\n<li data-start=\"731\" data-end=\"756\">\n<p data-start=\"733\" data-end=\"756\"><strong data-start=\"733\" data-end=\"747\">Capacidad:<\/strong> 750 ml<\/p>\n<\/li>\n<li data-start=\"757\" data-end=\"843\">\n<p data-start=\"759\" data-end=\"843\"><strong data-start=\"759\" data-end=\"779\">Personalizaci\u00f3n:<\/strong> Sublimaci\u00f3n a todo color con dise\u00f1os, nombres, logos o frases. Impresi\u00f3n directa sobre el aluminio, NO es calcomania.<\/p>\n<\/li>\n<li data-start=\"844\" data-end=\"925\">\n<p data-start=\"846\" data-end=\"925\"><strong data-start=\"846\" data-end=\"866\">Caracter\u00edsticas:<\/strong> Tapa herm\u00e9tica y dise\u00f1o ergon\u00f3mico para f\u00e1cil transporte. El color de la tapa puede variar.<\/p>\n<\/li>\n<li data-start=\"926\" data-end=\"978\">\n<p data-start=\"928\" data-end=\"978\"><strong data-start=\"928\" data-end=\"936\">Uso:<\/strong> Ideal para agua, jugos, smoothies y m\u00e1s<\/p>\n<\/li>\n<\/ul>\n","protected":false},"excerpt":{"rendered":"<p data-start=\"355\" data-end=\"668\">Lleva tu bebida favorita siempre contigo con nuestra <strong data-start=\"450\" data-end=\"495\">botella personalizada de 750 ml<\/strong>. Fabricada con materiales resistentes y acabados vibrantes gracias a la sublimaci\u00f3n, es ideal para mantenerte hidratado mientras muestras un dise\u00f1o \u00fanico y personalizado.<\/p>\n<ul data-start=\"670\" data-end=\"978\">\n<li data-start=\"670\" data-end=\"730\">\n<p data-start=\"672\" data-end=\"730\"><strong data-start=\"672\" data-end=\"685\">Material: <\/strong>Aluminio<\/p>\n<\/li>\n<li data-start=\"731\" data-end=\"756\">\n<p data-start=\"733\" data-end=\"756\"><strong data-start=\"733\" data-end=\"747\">Capacidad:<\/strong> 750 ml<\/p>\n<\/li>\n<li data-start=\"757\" data-end=\"843\">\n<p data-start=\"759\" data-end=\"843\"><strong data-start=\"759\" data-end=\"779\">Personalizaci\u00f3n:<\/strong> Sublimaci\u00f3n a todo color con dise\u00f1os, nombres, logos o frases. Impresi\u00f3n directa sobre el aluminio, NO es calcomania.<\/p>\n<\/li>\n<li data-start=\"844\" data-end=\"925\">\n<p data-start=\"846\" data-end=\"925\"><strong data-start=\"846\" data-end=\"866\">Caracter\u00edsticas:<\/strong> Tapa herm\u00e9tica y dise\u00f1o ergon\u00f3mico para f\u00e1cil transporte. El color de la tapa puede variar.<\/p>\n<\/li>\n<li data-start=\"926\" data-end=\"978\">\n<p data-start=\"928\" data-end=\"978\"><strong data-start=\"928\" data-end=\"936\">Uso:<\/strong> Ideal para agua, jugos, smoothies y m\u00e1s<\/p>\n<\/li>\n<\/ul>\n<p><a style=\"background: #25D366; color: #fff; padding: 12px 20px; border-radius: 6px; text-decoration: none;\" href=\"https:\/\/wa.me\/524493620594?text=Hola%2C%20me%20interesa%20comprar%20un%20art%C3%ADculo.\">Comprar por WhatsApp<br \/>\n<\/a><\/p>\n","protected":false},"featured_media":990,"comment_status":"open","ping_status":"closed","template":"","meta":[],"product_brand":[],"product_cat":[22],"product_tag":[43,41,44,32],"class_list":{"0":"post-960","1":"product","2":"type-product","3":"status-publish","4":"has-post-thumbnail","6":"product_cat-aluminio","7":"product_tag-para-hombres","8":"product_tag-para-mujeres","9":"product_tag-para-ninos","10":"product_tag-termos","12":"first","13":"instock","14":"shipping-taxable","15":"purchasable","16":"product-type-simple"},"yoast_head":"<!-- This site is optimized with the Yoast SEO plugin v25.4 - https:\/\/yoast.com\/wordpress\/plugins\/seo\/ -->\n<title>Botella termo personalizada con foto \u2013 750 ml - Ixta Impresiones<\/title>\n<meta name=\"robots\" content=\"index, follow, max-snippet:-1, max-image-preview:large, max-video-preview:-1\" \/>\n<link rel=\"canonical\" href=\"https:\/\/ixtaimpresiones.com\/?product=botella-personalizada-sublimada-750-ml\" \/>\n<meta property=\"og:locale\" content=\"es_ES\" \/>\n<meta property=\"og:type\" content=\"article\" \/>\n<meta property=\"og:title\" content=\"Botella termo personalizada con foto \u2013 750 ml - Ixta Impresiones\" \/>\n<meta property=\"og:description\" content=\"Lleva tu bebida favorita siempre contigo con nuestra botella personalizada de 750 ml. Fabricada con materiales resistentes y acabados vibrantes gracias a la sublimaci\u00f3n, es ideal para mantenerte hidratado mientras muestras un dise\u00f1o \u00fanico y personalizado.     Material: Aluminio    Capacidad: 750 ml    Personalizaci\u00f3n: Sublimaci\u00f3n a todo color con dise\u00f1os, nombres, logos o frases. Impresi\u00f3n directa sobre el aluminio, NO es calcomania.    Caracter\u00edsticas: Tapa herm\u00e9tica y dise\u00f1o ergon\u00f3mico para f\u00e1cil transporte. El color de la tapa puede variar.    Uso: Ideal para agua, jugos, smoothies y m\u00e1s   Comprar por WhatsApp\" \/>\n<meta property=\"og:url\" content=\"https:\/\/ixtaimpresiones.com\/?product=botella-personalizada-sublimada-750-ml\" \/>\n<meta property=\"og:site_name\" content=\"Ixta Impresiones\" \/>\n<meta property=\"article:modified_time\" content=\"2025-12-29T15:15:28+00:00\" \/>\n<meta property=\"og:image\" content=\"https:\/\/ixtaimpresiones.com\/wp-content\/uploads\/2025\/08\/Sin-titulo-1-1.png\" \/>\n\t<meta property=\"og:image:width\" content=\"1024\" \/>\n\t<meta property=\"og:image:height\" content=\"1024\" \/>\n\t<meta property=\"og:image:type\" content=\"image\/png\" \/>\n<meta name=\"twitter:card\" content=\"summary_large_image\" \/>\n<meta name=\"twitter:label1\" content=\"Tiempo de lectura\" \/>\n\t<meta name=\"twitter:data1\" content=\"1 minuto\" \/>\n<script type=\"application\/ld+json\" class=\"yoast-schema-graph\">{\"@context\":\"https:\/\/schema.org\",\"@graph\":[{\"@type\":\"WebPage\",\"@id\":\"https:\/\/ixtaimpresiones.com\/?product=botella-personalizada-sublimada-750-ml\",\"url\":\"https:\/\/ixtaimpresiones.com\/?product=botella-personalizada-sublimada-750-ml\",\"name\":\"Botella termo personalizada con foto \u2013 750 ml - Ixta Impresiones\",\"isPartOf\":{\"@id\":\"https:\/\/ixtaimpresiones.com\/#website\"},\"primaryImageOfPage\":{\"@id\":\"https:\/\/ixtaimpresiones.com\/?product=botella-personalizada-sublimada-750-ml#primaryimage\"},\"image\":{\"@id\":\"https:\/\/ixtaimpresiones.com\/?product=botella-personalizada-sublimada-750-ml#primaryimage\"},\"thumbnailUrl\":\"https:\/\/ixtaimpresiones.com\/wp-content\/uploads\/2025\/08\/Sin-titulo-1-1.png\",\"datePublished\":\"2025-08-10T01:09:17+00:00\",\"dateModified\":\"2025-12-29T15:15:28+00:00\",\"breadcrumb\":{\"@id\":\"https:\/\/ixtaimpresiones.com\/?product=botella-personalizada-sublimada-750-ml#breadcrumb\"},\"inLanguage\":\"es\",\"potentialAction\":[{\"@type\":\"ReadAction\",\"target\":[\"https:\/\/ixtaimpresiones.com\/?product=botella-personalizada-sublimada-750-ml\"]}]},{\"@type\":\"ImageObject\",\"inLanguage\":\"es\",\"@id\":\"https:\/\/ixtaimpresiones.com\/?product=botella-personalizada-sublimada-750-ml#primaryimage\",\"url\":\"https:\/\/ixtaimpresiones.com\/wp-content\/uploads\/2025\/08\/Sin-titulo-1-1.png\",\"contentUrl\":\"https:\/\/ixtaimpresiones.com\/wp-content\/uploads\/2025\/08\/Sin-titulo-1-1.png\",\"width\":1024,\"height\":1024},{\"@type\":\"BreadcrumbList\",\"@id\":\"https:\/\/ixtaimpresiones.com\/?product=botella-personalizada-sublimada-750-ml#breadcrumb\",\"itemListElement\":[{\"@type\":\"ListItem\",\"position\":1,\"name\":\"Portada\",\"item\":\"https:\/\/ixtaimpresiones.com\/\"},{\"@type\":\"ListItem\",\"position\":2,\"name\":\"Productos\",\"item\":\"https:\/\/ixtaimpresiones.com\/?page_id=572\"},{\"@type\":\"ListItem\",\"position\":3,\"name\":\"Botella termo personalizada con foto \u2013 750 ml\"}]},{\"@type\":\"WebSite\",\"@id\":\"https:\/\/ixtaimpresiones.com\/#website\",\"url\":\"https:\/\/ixtaimpresiones.com\/\",\"name\":\"Ixta Impresiones\",\"description\":\"\",\"publisher\":{\"@id\":\"https:\/\/ixtaimpresiones.com\/#organization\"},\"potentialAction\":[{\"@type\":\"SearchAction\",\"target\":{\"@type\":\"EntryPoint\",\"urlTemplate\":\"https:\/\/ixtaimpresiones.com\/?s={search_term_string}\"},\"query-input\":{\"@type\":\"PropertyValueSpecification\",\"valueRequired\":true,\"valueName\":\"search_term_string\"}}],\"inLanguage\":\"es\"},{\"@type\":\"Organization\",\"@id\":\"https:\/\/ixtaimpresiones.com\/#organization\",\"name\":\"Ixta Impresiones\",\"url\":\"https:\/\/ixtaimpresiones.com\/\",\"logo\":{\"@type\":\"ImageObject\",\"inLanguage\":\"es\",\"@id\":\"https:\/\/ixtaimpresiones.com\/#\/schema\/logo\/image\/\",\"url\":\"https:\/\/ixtaimpresiones.com\/wp-content\/uploads\/2025\/08\/LOGO-copyright.png\",\"contentUrl\":\"https:\/\/ixtaimpresiones.com\/wp-content\/uploads\/2025\/08\/LOGO-copyright.png\",\"width\":900,\"height\":900,\"caption\":\"Ixta Impresiones\"},\"image\":{\"@id\":\"https:\/\/ixtaimpresiones.com\/#\/schema\/logo\/image\/\"}}]}<\/script>\n<!-- \/ Yoast SEO plugin. -->","yoast_head_json":{"title":"Botella termo personalizada con foto \u2013 750 ml - Ixta Impresiones","robots":{"index":"index","follow":"follow","max-snippet":"max-snippet:-1","max-image-preview":"max-image-preview:large","max-video-preview":"max-video-preview:-1"},"canonical":"https:\/\/ixtaimpresiones.com\/?product=botella-personalizada-sublimada-750-ml","og_locale":"es_ES","og_type":"article","og_title":"Botella termo personalizada con foto \u2013 750 ml - Ixta Impresiones","og_description":"Lleva tu bebida favorita siempre contigo con nuestra botella personalizada de 750 ml. Fabricada con materiales resistentes y acabados vibrantes gracias a la sublimaci\u00f3n, es ideal para mantenerte hidratado mientras muestras un dise\u00f1o \u00fanico y personalizado.     Material: Aluminio    Capacidad: 750 ml    Personalizaci\u00f3n: Sublimaci\u00f3n a todo color con dise\u00f1os, nombres, logos o frases. Impresi\u00f3n directa sobre el aluminio, NO es calcomania.    Caracter\u00edsticas: Tapa herm\u00e9tica y dise\u00f1o ergon\u00f3mico para f\u00e1cil transporte. El color de la tapa puede variar.    Uso: Ideal para agua, jugos, smoothies y m\u00e1s   Comprar por WhatsApp","og_url":"https:\/\/ixtaimpresiones.com\/?product=botella-personalizada-sublimada-750-ml","og_site_name":"Ixta Impresiones","article_modified_time":"2025-12-29T15:15:28+00:00","og_image":[{"width":1024,"height":1024,"url":"https:\/\/ixtaimpresiones.com\/wp-content\/uploads\/2025\/08\/Sin-titulo-1-1.png","type":"image\/png"}],"twitter_card":"summary_large_image","twitter_misc":{"Tiempo de lectura":"1 minuto"},"schema":{"@context":"https:\/\/schema.org","@graph":[{"@type":"WebPage","@id":"https:\/\/ixtaimpresiones.com\/?product=botella-personalizada-sublimada-750-ml","url":"https:\/\/ixtaimpresiones.com\/?product=botella-personalizada-sublimada-750-ml","name":"Botella termo personalizada con foto \u2013 750 ml - Ixta Impresiones","isPartOf":{"@id":"https:\/\/ixtaimpresiones.com\/#website"},"primaryImageOfPage":{"@id":"https:\/\/ixtaimpresiones.com\/?product=botella-personalizada-sublimada-750-ml#primaryimage"},"image":{"@id":"https:\/\/ixtaimpresiones.com\/?product=botella-personalizada-sublimada-750-ml#primaryimage"},"thumbnailUrl":"https:\/\/ixtaimpresiones.com\/wp-content\/uploads\/2025\/08\/Sin-titulo-1-1.png","datePublished":"2025-08-10T01:09:17+00:00","dateModified":"2025-12-29T15:15:28+00:00","breadcrumb":{"@id":"https:\/\/ixtaimpresiones.com\/?product=botella-personalizada-sublimada-750-ml#breadcrumb"},"inLanguage":"es","potentialAction":[{"@type":"ReadAction","target":["https:\/\/ixtaimpresiones.com\/?product=botella-personalizada-sublimada-750-ml"]}]},{"@type":"ImageObject","inLanguage":"es","@id":"https:\/\/ixtaimpresiones.com\/?product=botella-personalizada-sublimada-750-ml#primaryimage","url":"https:\/\/ixtaimpresiones.com\/wp-content\/uploads\/2025\/08\/Sin-titulo-1-1.png","contentUrl":"https:\/\/ixtaimpresiones.com\/wp-content\/uploads\/2025\/08\/Sin-titulo-1-1.png","width":1024,"height":1024},{"@type":"BreadcrumbList","@id":"https:\/\/ixtaimpresiones.com\/?product=botella-personalizada-sublimada-750-ml#breadcrumb","itemListElement":[{"@type":"ListItem","position":1,"name":"Portada","item":"https:\/\/ixtaimpresiones.com\/"},{"@type":"ListItem","position":2,"name":"Productos","item":"https:\/\/ixtaimpresiones.com\/?page_id=572"},{"@type":"ListItem","position":3,"name":"Botella termo personalizada con foto \u2013 750 ml"}]},{"@type":"WebSite","@id":"https:\/\/ixtaimpresiones.com\/#website","url":"https:\/\/ixtaimpresiones.com\/","name":"Ixta Impresiones","description":"","publisher":{"@id":"https:\/\/ixtaimpresiones.com\/#organization"},"potentialAction":[{"@type":"SearchAction","target":{"@type":"EntryPoint","urlTemplate":"https:\/\/ixtaimpresiones.com\/?s={search_term_string}"},"query-input":{"@type":"PropertyValueSpecification","valueRequired":true,"valueName":"search_term_string"}}],"inLanguage":"es"},{"@type":"Organization","@id":"https:\/\/ixtaimpresiones.com\/#organization","name":"Ixta Impresiones","url":"https:\/\/ixtaimpresiones.com\/","logo":{"@type":"ImageObject","inLanguage":"es","@id":"https:\/\/ixtaimpresiones.com\/#\/schema\/logo\/image\/","url":"https:\/\/ixtaimpresiones.com\/wp-content\/uploads\/2025\/08\/LOGO-copyright.png","contentUrl":"https:\/\/ixtaimpresiones.com\/wp-content\/uploads\/2025\/08\/LOGO-copyright.png","width":900,"height":900,"caption":"Ixta Impresiones"},"image":{"@id":"https:\/\/ixtaimpresiones.com\/#\/schema\/logo\/image\/"}}]}},"_links":{"self":[{"href":"https:\/\/ixtaimpresiones.com\/index.php?rest_route=\/wp\/v2\/product\/960","targetHints":{"allow":["GET"]}}],"collection":[{"href":"https:\/\/ixtaimpresiones.com\/index.php?rest_route=\/wp\/v2\/product"}],"about":[{"href":"https:\/\/ixtaimpresiones.com\/index.php?rest_route=\/wp\/v2\/types\/product"}],"replies":[{"embeddable":true,"href":"https:\/\/ixtaimpresiones.com\/index.php?rest_route=%2Fwp%2Fv2%2Fcomments&post=960"}],"wp:featuredmedia":[{"embeddable":true,"href":"https:\/\/ixtaimpresiones.com\/index.php?rest_route=\/wp\/v2\/media\/990"}],"wp:attachment":[{"href":"https:\/\/ixtaimpresiones.com\/index.php?rest_route=%2Fwp%2Fv2%2Fmedia&parent=960"}],"wp:term":[{"taxonomy":"product_brand","embeddable":true,"href":"https:\/\/ixtaimpresiones.com\/index.php?rest_route=%2Fwp%2Fv2%2Fproduct_brand&post=960"},{"taxonomy":"product_cat","embeddable":true,"href":"https:\/\/ixtaimpresiones.com\/index.php?rest_route=%2Fwp%2Fv2%2Fproduct_cat&post=960"},{"taxonomy":"product_tag","embeddable":true,"href":"https:\/\/ixtaimpresiones.com\/index.php?rest_route=%2Fwp%2Fv2%2Fproduct_tag&post=960"}],"curies":[{"name":"wp","href":"https:\/\/api.w.org\/{rel}","templated":true}]}}