{"id":996,"date":"2025-12-23T18:11:27","date_gmt":"2025-12-23T18:11:27","guid":{"rendered":"https:\/\/ixtaimpresiones.com\/?post_type=product&#038;p=996"},"modified":"2025-12-29T15:07:48","modified_gmt":"2025-12-29T15:07:48","slug":"combo-dama-de-honor-madrina","status":"publish","type":"product","link":"https:\/\/ixtaimpresiones.com\/?product=combo-dama-de-honor-madrina","title":{"rendered":"COMBO Dama de honor \/ Madrina"},"content":{"rendered":"","protected":false},"excerpt":{"rendered":"<p data-start=\"103\" data-end=\"348\">Sorprende con un detalle especial y lleno de cari\u00f1o. Nuestro <strong data-start=\"164\" data-end=\"205\">paquete combo Dama de Honor \/ Madrina<\/strong> es perfecto para hacer la gran pregunta de una forma \u00fanica y memorable. Personalizado, bonito y pensado para emocionar.<\/p>\n<p data-start=\"350\" data-end=\"555\">Este combo incluye art\u00edculos \u00fatiles y decorativos, presentados en una bolsa personalizada con un mensaje especial como<strong> <em data-start=\"469\" data-end=\"503\">\u201c\u00bfQuieres ser mi dama de honor?\u201d<\/em><\/strong>. Ideal para regalar y crear un momento inolvidable.<\/p>\n<p data-start=\"557\" data-end=\"569\"><strong data-start=\"557\" data-end=\"569\">Incluye:<\/strong><\/p>\n<ul data-start=\"570\" data-end=\"729\">\n<li data-start=\"570\" data-end=\"618\">\n<p data-start=\"572\" data-end=\"618\">Termo rosa personalizado con nombre.<\/p>\n<\/li>\n<li data-start=\"619\" data-end=\"643\">\n<p data-start=\"621\" data-end=\"643\">Dona para el cabello.<\/p>\n<\/li>\n<li data-start=\"644\" data-end=\"668\">\n<p data-start=\"646\" data-end=\"668\">Rosas decorativas.<\/p>\n<\/li>\n<li data-start=\"669\" data-end=\"692\">\n<p data-start=\"671\" data-end=\"692\">Antifaz para dormir.<\/p>\n<\/li>\n<li data-start=\"693\" data-end=\"729\">\n<p data-start=\"695\" data-end=\"729\">Bolsa transparente personalizada.<\/p>\n<\/li>\n<\/ul>\n<p data-start=\"731\" data-end=\"894\"><strong data-start=\"731\" data-end=\"751\">Personalizaci\u00f3n:<\/strong><br data-start=\"751\" data-end=\"754\" \/>La bolsa va personalizada con mensaje especial (ej. <em data-start=\"806\" data-end=\"838\">\u00bfQuieres ser mi dama de honor?<\/em>).<br data-start=\"840\" data-end=\"843\" \/>El termo se personaliza con nombre.<\/p>\n<p data-start=\"896\" data-end=\"1030\"><strong data-start=\"896\" data-end=\"919\">Material del termo:<\/strong> Acero inoxidable.<br data-start=\"937\" data-end=\"940\" \/><strong data-start=\"940\" data-end=\"964\">Capacidad del termo:<\/strong> 10 oz.<br data-start=\"971\" data-end=\"974\" \/><strong data-start=\"974\" data-end=\"986\">T\u00e9cnica:<\/strong> Vinil premium de alta calidad.<\/p>\n<p><a style=\"background: #25D366; color: #fff; padding: 12px 20px; border-radius: 6px; text-decoration: none;\" href=\"https:\/\/wa.me\/524493620594?text=Hola%2C%20me%20interesa%20comprar%20un%20art%C3%ADculo.\">Comprar por WhatsApp<br \/>\n<\/a><\/p>\n","protected":false},"featured_media":997,"comment_status":"open","ping_status":"closed","template":"","meta":[],"product_brand":[],"product_cat":[26],"product_tag":[42],"class_list":{"0":"post-996","1":"product","2":"type-product","3":"status-publish","4":"has-post-thumbnail","6":"product_cat-otros","7":"product_tag-para-padrinos","9":"first","10":"instock","11":"shipping-taxable","12":"purchasable","13":"product-type-simple"},"yoast_head":"<!-- This site is optimized with the Yoast SEO plugin v25.4 - https:\/\/yoast.com\/wordpress\/plugins\/seo\/ -->\n<title>COMBO Dama de honor \/ Madrina - Ixta Impresiones<\/title>\n<meta name=\"robots\" content=\"index, follow, max-snippet:-1, max-image-preview:large, max-video-preview:-1\" \/>\n<link rel=\"canonical\" href=\"https:\/\/ixtaimpresiones.com\/?product=combo-dama-de-honor-madrina\" \/>\n<meta property=\"og:locale\" content=\"es_ES\" \/>\n<meta property=\"og:type\" content=\"article\" \/>\n<meta property=\"og:title\" content=\"COMBO Dama de honor \/ Madrina - Ixta Impresiones\" \/>\n<meta property=\"og:description\" content=\"Sorprende con un detalle especial y lleno de cari\u00f1o. Nuestro paquete combo Dama de Honor \/ Madrina es perfecto para hacer la gran pregunta de una forma \u00fanica y memorable. Personalizado, bonito y pensado para emocionar. Este combo incluye art\u00edculos \u00fatiles y decorativos, presentados en una bolsa personalizada con un mensaje especial como \u201c\u00bfQuieres ser mi dama de honor?\u201d. Ideal para regalar y crear un momento inolvidable. Incluye:     Termo rosa personalizado con nombre.    Dona para el cabello.    Rosas decorativas.    Antifaz para dormir.    Bolsa transparente personalizada.   Personalizaci\u00f3n:La bolsa va personalizada con mensaje especial (ej. \u00bfQuieres ser mi dama de honor?).El termo se personaliza con nombre. Material del termo: Acero inoxidable.Capacidad del termo: 10 oz.T\u00e9cnica: Vinil premium de alta calidad. Comprar por WhatsApp\" \/>\n<meta property=\"og:url\" content=\"https:\/\/ixtaimpresiones.com\/?product=combo-dama-de-honor-madrina\" \/>\n<meta property=\"og:site_name\" content=\"Ixta Impresiones\" \/>\n<meta property=\"article:modified_time\" content=\"2025-12-29T15:07:48+00:00\" \/>\n<meta property=\"og:image\" content=\"https:\/\/ixtaimpresiones.com\/wp-content\/uploads\/2025\/12\/Sin-titulo-1-1.png\" \/>\n\t<meta property=\"og:image:width\" content=\"600\" \/>\n\t<meta property=\"og:image:height\" content=\"600\" \/>\n\t<meta property=\"og:image:type\" content=\"image\/png\" \/>\n<meta name=\"twitter:card\" content=\"summary_large_image\" \/>\n<meta name=\"twitter:label1\" content=\"Tiempo de lectura\" \/>\n\t<meta name=\"twitter:data1\" content=\"1 minuto\" \/>\n<script type=\"application\/ld+json\" class=\"yoast-schema-graph\">{\"@context\":\"https:\/\/schema.org\",\"@graph\":[{\"@type\":\"WebPage\",\"@id\":\"https:\/\/ixtaimpresiones.com\/?product=combo-dama-de-honor-madrina\",\"url\":\"https:\/\/ixtaimpresiones.com\/?product=combo-dama-de-honor-madrina\",\"name\":\"COMBO Dama de honor \/ Madrina - Ixta Impresiones\",\"isPartOf\":{\"@id\":\"https:\/\/ixtaimpresiones.com\/#website\"},\"primaryImageOfPage\":{\"@id\":\"https:\/\/ixtaimpresiones.com\/?product=combo-dama-de-honor-madrina#primaryimage\"},\"image\":{\"@id\":\"https:\/\/ixtaimpresiones.com\/?product=combo-dama-de-honor-madrina#primaryimage\"},\"thumbnailUrl\":\"https:\/\/ixtaimpresiones.com\/wp-content\/uploads\/2025\/12\/Sin-titulo-1-1.png\",\"datePublished\":\"2025-12-23T18:11:27+00:00\",\"dateModified\":\"2025-12-29T15:07:48+00:00\",\"breadcrumb\":{\"@id\":\"https:\/\/ixtaimpresiones.com\/?product=combo-dama-de-honor-madrina#breadcrumb\"},\"inLanguage\":\"es\",\"potentialAction\":[{\"@type\":\"ReadAction\",\"target\":[\"https:\/\/ixtaimpresiones.com\/?product=combo-dama-de-honor-madrina\"]}]},{\"@type\":\"ImageObject\",\"inLanguage\":\"es\",\"@id\":\"https:\/\/ixtaimpresiones.com\/?product=combo-dama-de-honor-madrina#primaryimage\",\"url\":\"https:\/\/ixtaimpresiones.com\/wp-content\/uploads\/2025\/12\/Sin-titulo-1-1.png\",\"contentUrl\":\"https:\/\/ixtaimpresiones.com\/wp-content\/uploads\/2025\/12\/Sin-titulo-1-1.png\",\"width\":600,\"height\":600},{\"@type\":\"BreadcrumbList\",\"@id\":\"https:\/\/ixtaimpresiones.com\/?product=combo-dama-de-honor-madrina#breadcrumb\",\"itemListElement\":[{\"@type\":\"ListItem\",\"position\":1,\"name\":\"Portada\",\"item\":\"https:\/\/ixtaimpresiones.com\/\"},{\"@type\":\"ListItem\",\"position\":2,\"name\":\"Productos\",\"item\":\"https:\/\/ixtaimpresiones.com\/?page_id=572\"},{\"@type\":\"ListItem\",\"position\":3,\"name\":\"COMBO Dama de honor \/ Madrina\"}]},{\"@type\":\"WebSite\",\"@id\":\"https:\/\/ixtaimpresiones.com\/#website\",\"url\":\"https:\/\/ixtaimpresiones.com\/\",\"name\":\"Ixta Impresiones\",\"description\":\"\",\"publisher\":{\"@id\":\"https:\/\/ixtaimpresiones.com\/#organization\"},\"potentialAction\":[{\"@type\":\"SearchAction\",\"target\":{\"@type\":\"EntryPoint\",\"urlTemplate\":\"https:\/\/ixtaimpresiones.com\/?s={search_term_string}\"},\"query-input\":{\"@type\":\"PropertyValueSpecification\",\"valueRequired\":true,\"valueName\":\"search_term_string\"}}],\"inLanguage\":\"es\"},{\"@type\":\"Organization\",\"@id\":\"https:\/\/ixtaimpresiones.com\/#organization\",\"name\":\"Ixta Impresiones\",\"url\":\"https:\/\/ixtaimpresiones.com\/\",\"logo\":{\"@type\":\"ImageObject\",\"inLanguage\":\"es\",\"@id\":\"https:\/\/ixtaimpresiones.com\/#\/schema\/logo\/image\/\",\"url\":\"https:\/\/ixtaimpresiones.com\/wp-content\/uploads\/2025\/08\/LOGO-copyright.png\",\"contentUrl\":\"https:\/\/ixtaimpresiones.com\/wp-content\/uploads\/2025\/08\/LOGO-copyright.png\",\"width\":900,\"height\":900,\"caption\":\"Ixta Impresiones\"},\"image\":{\"@id\":\"https:\/\/ixtaimpresiones.com\/#\/schema\/logo\/image\/\"}}]}<\/script>\n<!-- \/ Yoast SEO plugin. -->","yoast_head_json":{"title":"COMBO Dama de honor \/ Madrina - Ixta Impresiones","robots":{"index":"index","follow":"follow","max-snippet":"max-snippet:-1","max-image-preview":"max-image-preview:large","max-video-preview":"max-video-preview:-1"},"canonical":"https:\/\/ixtaimpresiones.com\/?product=combo-dama-de-honor-madrina","og_locale":"es_ES","og_type":"article","og_title":"COMBO Dama de honor \/ Madrina - Ixta Impresiones","og_description":"Sorprende con un detalle especial y lleno de cari\u00f1o. Nuestro paquete combo Dama de Honor \/ Madrina es perfecto para hacer la gran pregunta de una forma \u00fanica y memorable. Personalizado, bonito y pensado para emocionar. Este combo incluye art\u00edculos \u00fatiles y decorativos, presentados en una bolsa personalizada con un mensaje especial como \u201c\u00bfQuieres ser mi dama de honor?\u201d. Ideal para regalar y crear un momento inolvidable. Incluye:     Termo rosa personalizado con nombre.    Dona para el cabello.    Rosas decorativas.    Antifaz para dormir.    Bolsa transparente personalizada.   Personalizaci\u00f3n:La bolsa va personalizada con mensaje especial (ej. \u00bfQuieres ser mi dama de honor?).El termo se personaliza con nombre. Material del termo: Acero inoxidable.Capacidad del termo: 10 oz.T\u00e9cnica: Vinil premium de alta calidad. Comprar por WhatsApp","og_url":"https:\/\/ixtaimpresiones.com\/?product=combo-dama-de-honor-madrina","og_site_name":"Ixta Impresiones","article_modified_time":"2025-12-29T15:07:48+00:00","og_image":[{"width":600,"height":600,"url":"https:\/\/ixtaimpresiones.com\/wp-content\/uploads\/2025\/12\/Sin-titulo-1-1.png","type":"image\/png"}],"twitter_card":"summary_large_image","twitter_misc":{"Tiempo de lectura":"1 minuto"},"schema":{"@context":"https:\/\/schema.org","@graph":[{"@type":"WebPage","@id":"https:\/\/ixtaimpresiones.com\/?product=combo-dama-de-honor-madrina","url":"https:\/\/ixtaimpresiones.com\/?product=combo-dama-de-honor-madrina","name":"COMBO Dama de honor \/ Madrina - Ixta Impresiones","isPartOf":{"@id":"https:\/\/ixtaimpresiones.com\/#website"},"primaryImageOfPage":{"@id":"https:\/\/ixtaimpresiones.com\/?product=combo-dama-de-honor-madrina#primaryimage"},"image":{"@id":"https:\/\/ixtaimpresiones.com\/?product=combo-dama-de-honor-madrina#primaryimage"},"thumbnailUrl":"https:\/\/ixtaimpresiones.com\/wp-content\/uploads\/2025\/12\/Sin-titulo-1-1.png","datePublished":"2025-12-23T18:11:27+00:00","dateModified":"2025-12-29T15:07:48+00:00","breadcrumb":{"@id":"https:\/\/ixtaimpresiones.com\/?product=combo-dama-de-honor-madrina#breadcrumb"},"inLanguage":"es","potentialAction":[{"@type":"ReadAction","target":["https:\/\/ixtaimpresiones.com\/?product=combo-dama-de-honor-madrina"]}]},{"@type":"ImageObject","inLanguage":"es","@id":"https:\/\/ixtaimpresiones.com\/?product=combo-dama-de-honor-madrina#primaryimage","url":"https:\/\/ixtaimpresiones.com\/wp-content\/uploads\/2025\/12\/Sin-titulo-1-1.png","contentUrl":"https:\/\/ixtaimpresiones.com\/wp-content\/uploads\/2025\/12\/Sin-titulo-1-1.png","width":600,"height":600},{"@type":"BreadcrumbList","@id":"https:\/\/ixtaimpresiones.com\/?product=combo-dama-de-honor-madrina#breadcrumb","itemListElement":[{"@type":"ListItem","position":1,"name":"Portada","item":"https:\/\/ixtaimpresiones.com\/"},{"@type":"ListItem","position":2,"name":"Productos","item":"https:\/\/ixtaimpresiones.com\/?page_id=572"},{"@type":"ListItem","position":3,"name":"COMBO Dama de honor \/ Madrina"}]},{"@type":"WebSite","@id":"https:\/\/ixtaimpresiones.com\/#website","url":"https:\/\/ixtaimpresiones.com\/","name":"Ixta Impresiones","description":"","publisher":{"@id":"https:\/\/ixtaimpresiones.com\/#organization"},"potentialAction":[{"@type":"SearchAction","target":{"@type":"EntryPoint","urlTemplate":"https:\/\/ixtaimpresiones.com\/?s={search_term_string}"},"query-input":{"@type":"PropertyValueSpecification","valueRequired":true,"valueName":"search_term_string"}}],"inLanguage":"es"},{"@type":"Organization","@id":"https:\/\/ixtaimpresiones.com\/#organization","name":"Ixta Impresiones","url":"https:\/\/ixtaimpresiones.com\/","logo":{"@type":"ImageObject","inLanguage":"es","@id":"https:\/\/ixtaimpresiones.com\/#\/schema\/logo\/image\/","url":"https:\/\/ixtaimpresiones.com\/wp-content\/uploads\/2025\/08\/LOGO-copyright.png","contentUrl":"https:\/\/ixtaimpresiones.com\/wp-content\/uploads\/2025\/08\/LOGO-copyright.png","width":900,"height":900,"caption":"Ixta Impresiones"},"image":{"@id":"https:\/\/ixtaimpresiones.com\/#\/schema\/logo\/image\/"}}]}},"_links":{"self":[{"href":"https:\/\/ixtaimpresiones.com\/index.php?rest_route=\/wp\/v2\/product\/996","targetHints":{"allow":["GET"]}}],"collection":[{"href":"https:\/\/ixtaimpresiones.com\/index.php?rest_route=\/wp\/v2\/product"}],"about":[{"href":"https:\/\/ixtaimpresiones.com\/index.php?rest_route=\/wp\/v2\/types\/product"}],"replies":[{"embeddable":true,"href":"https:\/\/ixtaimpresiones.com\/index.php?rest_route=%2Fwp%2Fv2%2Fcomments&post=996"}],"wp:featuredmedia":[{"embeddable":true,"href":"https:\/\/ixtaimpresiones.com\/index.php?rest_route=\/wp\/v2\/media\/997"}],"wp:attachment":[{"href":"https:\/\/ixtaimpresiones.com\/index.php?rest_route=%2Fwp%2Fv2%2Fmedia&parent=996"}],"wp:term":[{"taxonomy":"product_brand","embeddable":true,"href":"https:\/\/ixtaimpresiones.com\/index.php?rest_route=%2Fwp%2Fv2%2Fproduct_brand&post=996"},{"taxonomy":"product_cat","embeddable":true,"href":"https:\/\/ixtaimpresiones.com\/index.php?rest_route=%2Fwp%2Fv2%2Fproduct_cat&post=996"},{"taxonomy":"product_tag","embeddable":true,"href":"https:\/\/ixtaimpresiones.com\/index.php?rest_route=%2Fwp%2Fv2%2Fproduct_tag&post=996"}],"curies":[{"name":"wp","href":"https:\/\/api.w.org\/{rel}","templated":true}]}}